{"id":68314,"date":"2023-12-06T14:59:41","date_gmt":"2023-12-06T13:59:41","guid":{"rendered":"https:\/\/www.dimomaint.com\/es\/?page_id=68314"},"modified":"2026-01-30T10:03:31","modified_gmt":"2026-01-30T09:03:31","slug":"aviso-legal","status":"publish","type":"page","link":"https:\/\/www.dimomaint.com\/es\/aviso-legal\/","title":{"rendered":"Aviso legal"},"content":{"rendered":"<div data-elementor-type=\"wp-page\" data-elementor-id=\"68314\" class=\"elementor elementor-68314\" data-elementor-post-type=\"page\">\n\t\t\t\t\t\t<section class=\"elementor-section elementor-top-section elementor-element elementor-element-4f4d2be elementor-section-boxed elementor-section-height-default elementor-section-height-default\" data-id=\"4f4d2be\" data-element_type=\"section\" data-e-type=\"section\">\n\t\t\t\t\t\t<div class=\"elementor-container elementor-column-gap-default\">\n\t\t\t\t\t<div class=\"elementor-column elementor-col-100 elementor-top-column elementor-element elementor-element-6d05cb6\" data-id=\"6d05cb6\" data-element_type=\"column\" data-e-type=\"column\" data-settings='{\"background_background\":\"classic\"}'>\n\t\t\t<div class=\"elementor-widget-wrap elementor-element-populated\">\n\t\t\t\t\t\t<section class=\"elementor-section elementor-inner-section elementor-element elementor-element-133999c elementor-section-height-min-height elementor-section-boxed elementor-section-height-default\" data-id=\"133999c\" data-element_type=\"section\" data-e-type=\"section\">\n\t\t\t\t\t\t<div class=\"elementor-container elementor-column-gap-wider\">\n\t\t\t\t\t<div class=\"elementor-column elementor-col-100 elementor-inner-column elementor-element elementor-element-d573d37\" data-id=\"d573d37\" data-element_type=\"column\" data-e-type=\"column\">\n\t\t\t<div class=\"elementor-widget-wrap elementor-element-populated\">\n\t\t\t\t\t\t<div class=\"elementor-element elementor-element-aec7c65 elementor-widget elementor-widget-heading\" data-id=\"aec7c65\" data-element_type=\"widget\" data-e-type=\"widget\" data-widget_type=\"heading.default\">\n\t\t\t\t<div class=\"elementor-widget-container\">\n\t\t\t\t\t<h1 class=\"elementor-heading-title elementor-size-default\">Aviso legal<\/h1>\n\n\t\t\t\t<\/div>\n\t\t\t\t<\/div>\n\t\t\t\t\t<\/div>\n\t\t<\/div>\n\t\t\t\t\t<\/div>\n\t\t<\/section>\n\t\t\t\t\t<\/div>\n\t\t<\/div>\n\t\t\t\t\t<\/div>\n\t\t<\/section>\n\t\t\t\t<section class=\"elementor-section elementor-top-section elementor-element elementor-element-3607b25b elementor-section-boxed elementor-section-height-default elementor-section-height-default\" data-id=\"3607b25b\" data-element_type=\"section\" data-e-type=\"section\">\n\t\t\t\t\t\t<div class=\"elementor-container elementor-column-gap-default\">\n\t\t\t\t\t<div class=\"elementor-column elementor-col-100 elementor-top-column elementor-element elementor-element-72c20317\" data-id=\"72c20317\" data-element_type=\"column\" data-e-type=\"column\">\n\t\t\t<div class=\"elementor-widget-wrap elementor-element-populated\">\n\t\t\t\t\t\t<div class=\"elementor-element elementor-element-4a0412e5 elementor-toc--minimized-on-tablet elementor-widget elementor-widget-table-of-contents\" data-id=\"4a0412e5\" data-element_type=\"widget\" data-e-type=\"widget\" data-settings='{\"headings_by_tags\":[\"h2\",\"h3\"],\"exclude_headings_by_selector\":\".pre-footer\",\"marker_view\":\"bullets\",\"no_headings_message\":\"Aucun titre n\\u2019a \\u00e9t\\u00e9 trouv\\u00e9 sur cette page.\",\"icon\":{\"value\":\"fas fa-circle\",\"library\":\"fa-solid\"},\"minimize_box\":\"yes\",\"minimized_on\":\"tablet\",\"hierarchical_view\":\"yes\",\"min_height\":{\"unit\":\"px\",\"size\":\"\",\"sizes\":[]},\"min_height_tablet\":{\"unit\":\"px\",\"size\":\"\",\"sizes\":[]},\"min_height_mobile\":{\"unit\":\"px\",\"size\":\"\",\"sizes\":[]}}' data-widget_type=\"table-of-contents.default\">\n\t\t\t\t<div class=\"elementor-widget-container\">\n\t\t\t\t\t<div class=\"elementor-toc__header\">\n\t\t\t\t\t\t<div class=\"elementor-toc__header-title\">\n\t\t\t\tContenidos\t\t\t<\/div>\n\t\t\t\t\t\t\t\t\t\t<div class=\"elementor-toc__toggle-button elementor-toc__toggle-button--expand\" role=\"button\" tabindex=\"0\" aria-controls=\"elementor-toc__4a0412e5\" aria-expanded=\"true\" aria-label=\"Abrir la tabla de contenidos\"><i aria-hidden=\"true\" class=\"fas fa-chevron-down\"><\/i><\/div>\n\t\t\t\t<div class=\"elementor-toc__toggle-button elementor-toc__toggle-button--collapse\" role=\"button\" tabindex=\"0\" aria-controls=\"elementor-toc__4a0412e5\" aria-expanded=\"true\" aria-label=\"Cerrar la tabla de contenidos\"><i aria-hidden=\"true\" class=\"fas fa-chevron-up\"><\/i><\/div>\n\t\t\t\t\t<\/div>\n\t\t\t\t<div id=\"elementor-toc__4a0412e5\" class=\"elementor-toc__body\">\n\t\t\t<div class=\"elementor-toc__spinner-container\">\n\t\t\t\t<i class=\"elementor-toc__spinner eicon-animation-spin eicon-loading\" aria-hidden=\"true\"><\/i>\t\t\t<\/div>\n\t\t<\/div>\n\t\t\n\n\t\t\t\t<\/div>\n\t\t\t\t<\/div>\n\t\t\t\t<div class=\"elementor-element elementor-element-3b182996 elementor-widget elementor-widget-text-editor\" data-id=\"3b182996\" data-element_type=\"widget\" data-e-type=\"widget\" data-widget_type=\"text-editor.default\">\n\t\t\t\t<div class=\"elementor-widget-container\">\n\t\t\t\t\t<p>Lea atentamente las condiciones de uso de este sitio web antes de consultar sus p\u00e1ginas. Al visitar este sitio web, usted acepta plenamente estas condiciones de uso. Asimismo, de conformidad con el art\u00edculo 6 de la Ley n\u00ba 2004-575 de 21 de junio de 2004 sobre la confianza en la econom\u00eda digital, los gestores de este sitio web (<a href=\"https:\/\/www.dimomaint.com\/es\/\">www.dimomaint.com\/es\/<\/a>) son:<\/p>\n<h2>Editor del sitio web<\/h2>\n<p>DimoMaint<\/p>\n<p>N\u00famero de SIRET [registro de la empresa]:\u00a0<span style=\"color: #2f3735; font-family: DIMOCenturyGothic, Helvetica, Arial, sans-serif;\">51026833700027<\/span><br>Editor: Thomas Bourgeois<br>561 all\u00e9e des noisetiers, 69760, Limonest<br>Tel\u00e9fono: + 33 (0)4 72 86 01 90 \u2013 Fax: + 33 (0)4 72 86 01 91<br>Email: contact@dimomaint.com<br>Website: <a href=\"https:\/\/www.dimomaint.com\/es\/\">www.dimomaint.com\/es\/<\/a><\/p>\n<h2>Hosting<\/h2>\n<p>Hosting: SCALEWAY<br>8, rue de la Ville-l\u2019\u00c9v\u00eaque, 75008 Paris, France<br>Website: <a href=\"https:\/\/www.scaleway.com\/\">https:\/\/www.scaleway.com\/<\/a><\/p>\n<h2>Desarrollador<\/h2>\n<p>DimoMaint<br>Direcci\u00f3n: 561 all\u00e9e des noisetiers, 69760, Limonest<br>Website: <a href=\"https:\/\/www.dimomaint.com\/\">www.dimomaint.com<\/a><\/p>\n<h2>Condiciones de uso<\/h2>\n<p>Este sitio web (www.dimomaint.com\/es\/) est\u00e1 disponible en varios lenguajes web (HTML, HTML5, JavaScript, CSS, etc.) para una mayor facilidad de uso y mejores gr\u00e1ficos. Se recomienda utilizar un navegador moderno como Internet Explorer, Safari, Firefox, Google Chrome, etc.<\/p>\n<p>DimoMaint utiliza todos los medios a su alcance para garantizar que la informaci\u00f3n de sus sitios web sea fiable y est\u00e9 actualizada. Sin embargo, pueden producirse errores y omisiones. Por lo tanto, los usuarios de Internet deben comprobar la exactitud de la informaci\u00f3n con DimoMaint, y sugerir cualquier cambio en el sitio web que consideren necesario. DimoMaint no es responsable en ning\u00fan caso del uso de esta informaci\u00f3n, ni de los da\u00f1os directos o indirectos que puedan derivarse de ella.<\/p>\n<h2>Enlaces<\/h2>\n<p>Los sitios web pueden incluir enlaces a otros sitios web u otros recursos disponibles en l\u00ednea. DimoMaint no tiene control alguno sobre los sitios web vinculados al suyo. DimoMaint no asume ninguna responsabilidad ni garantiza la disponibilidad de estos sitios web y fuentes externas. No se responsabiliza de ning\u00fan da\u00f1o, de cualquier tipo, resultante del contenido de estos sitios web o fuentes externas, en particular de la informaci\u00f3n, productos o servicios que ofrecen, o de cualquier uso que pueda hacerse de estos elementos. Este uso se realiza por cuenta y riesgo del visitante, que debe respetar las condiciones de uso.<\/p>\n<p>Los usuarios, suscriptores y visitantes de sitios web no pueden crear un hiperv\u00ednculo a este sitio web sin el consentimiento previo y expreso de DimoMaint.<\/p>\n<p>Si un usuario o visitante desea crear un hiperv\u00ednculo a uno de los sitios web de DimoMaint, debe solicitarlo en un correo electr\u00f3nico enviado a trav\u00e9s del sitio web. DimoMaint se reserva el derecho de aceptar o rechazar un hiperv\u00ednculo sin tener que justificar su decisi\u00f3n.<\/p>\n<h2>Servicios ofrecidos<\/h2>\n<p>Todas las actividades e informaci\u00f3n de la empresa se muestran en nuestro sitio web <a href=\"https:\/\/www.dimomaint.com\/es\/\">www.dimomaint.com\/es\/<\/a><\/p>\n<p>DimoMaint se esfuerza por garantizar que la informaci\u00f3n proporcionada en el sitio web www.dimomaint.com\/es\/ sea lo m\u00e1s precisa posible. La informaci\u00f3n que aparece en el sitio web www.dimomaint.com\/es\/ no es exhaustiva y las fotos no son contractuales. Se facilitan sin perjuicio de los cambios que puedan producirse desde su publicaci\u00f3n en l\u00ednea. Adem\u00e1s, toda la informaci\u00f3n que aparece en el sitio web www.dimomaint.com\/es\/ se ofrece a t\u00edtulo informativo y puede modificarse sin previo aviso.<\/p>\n<h2>Limitaciones contractuales de los datos<\/h2>\n<p>La informaci\u00f3n contenida en este sitio web es lo m\u00e1s precisa posible y se actualiza a lo largo del a\u00f1o, pero puede contener inexactitudes u omisiones. Si observa una omisi\u00f3n, un error o lo que parece ser un mal funcionamiento, le rogamos que nos lo comunique por correo electr\u00f3nico a la direcci\u00f3n contact@dimomaint.com, describiendo el problema de la forma m\u00e1s espec\u00edfica posible (p\u00e1gina que plantea el problema, tipo de ordenador y navegador utilizados, etc.).<\/p>\n<p>Los contenidos se descargan bajo el riesgo y la responsabilidad del usuario. Por lo tanto, no podemos hacernos responsables de los da\u00f1os sufridos por el ordenador del usuario ni de la p\u00e9rdida de datos tras la descarga. Adem\u00e1s, el usuario del sitio web se compromete a acceder a \u00e9l utilizando un hardware reciente y libre de virus y un navegador actualizado de \u00faltima generaci\u00f3n.<\/p>\n<p>DimoMaint no se hace responsable de los enlaces de este sitio web a otros recursos de Internet.<\/p>\n<h2>Propiedad Intelectual<\/h2>\n<p>Todo el contenido del sitio web <a href=\"https:\/\/www.dimomaint.com\/es\/\">www.dimomaint.com\/es\/<\/a>, incluidos, entre otros, los gr\u00e1ficos, las im\u00e1genes, los textos, los v\u00eddeos, las animaciones, los sonidos, los logotipos, los gifs y los iconos, as\u00ed como su formato, es propiedad exclusiva de la empresa, a excepci\u00f3n de las marcas comerciales, los logotipos y los contenidos que pertenecen a empresas asociadas o de otro tipo.<\/p>\n<p>Cualquier reproducci\u00f3n, distribuci\u00f3n, modificaci\u00f3n, adaptaci\u00f3n, transmisi\u00f3n o publicaci\u00f3n de estos elementos, incluso parcial, est\u00e1 estrictamente prohibida sin el acuerdo expreso por escrito de DimoMaint. Esta representaci\u00f3n o reproducci\u00f3n, por cualquier procedimiento, constituye una infracci\u00f3n sancionada por el art\u00edculo L.335-2 y siguientes del C\u00f3digo de la Propiedad Intelectual. El incumplimiento de esta prohibici\u00f3n constituye una infracci\u00f3n que puede invocar la responsabilidad civil y penal del infractor. Adem\u00e1s, los propietarios del contenido copiado podr\u00e1n emprender acciones legales contra usted.<\/p>\n<h2>Declaraci\u00f3n a la CNIL [Comisi\u00f3n Nacional de Protecci\u00f3n de Datos de Francia]<\/h2>\n<p>En virtud de la ley 78-17 de 6 de enero de 1978 sobre la protecci\u00f3n de datos (modificada por la ley 2004-801 de 6 de agosto de 2004 sobre la protecci\u00f3n de las personas f\u00edsicas en materia de tratamiento de datos personales), este sitio web ha sido declarado a la Comisi\u00f3n Nacional de Protecci\u00f3n de Datos (<a href=\"https:\/\/www.cnil.fr\/\">www.cnil.fr<\/a>).<\/p>\n<h2>Disputas<\/h2>\n<p>Las condiciones de uso del sitio web www.dimomaint.com\/es\/ se rigen por el derecho franc\u00e9s y cualquier desacuerdo o litigio que pueda surgir de su interpretaci\u00f3n o ejecuci\u00f3n ser\u00e1 competencia exclusiva de los tribunales de la sede de la empresa. Para la resoluci\u00f3n de cualquier litigio, la lengua de referencia es el franc\u00e9s.<\/p>\n\n\t\t\t\t\n\n\t\t\t\t<\/div>\n\t\t\t\t<\/div>\n\t\t\t\t<div class=\"elementor-element elementor-element-d070b2c elementor-widget elementor-widget-heading\" data-id=\"d070b2c\" data-element_type=\"widget\" data-e-type=\"widget\" id=\"politica-de-privacidad\" data-widget_type=\"heading.default\">\n\t\t\t\t<div class=\"elementor-widget-container\">\n\t\t\t\t\t<h2 class=\"elementor-heading-title elementor-size-default\"><a><\/a>Pol\u00edtica de privacidad<\/h2>\n\n\t\t\t\t<\/div>\n\t\t\t\t<\/div>\n\t\t\t\t<div class=\"elementor-element elementor-element-1a7c6172 elementor-widget elementor-widget-text-editor\" data-id=\"1a7c6172\" data-element_type=\"widget\" data-e-type=\"widget\" id=\"politique-de-confidentialite\" data-widget_type=\"text-editor.default\">\n\t\t\t\t<div class=\"elementor-widget-container\">\n\t\t\t\t\t<h3>Acerca de la empresa<\/h3>\n<p>La direcci\u00f3n de nuestro sitio web es: <a href=\"https:\/\/www.dimomaint.com\/es\/\">https:\/\/www.dimomaint.com\/es\/<\/a>.<\/p>\n<h3>Uso de los datos personales recopilados<\/h3>\n<h4>Comentarios<\/h4>\n<p>Cuando publica un comentario en nuestro sitio web, los datos ingresados en el formulario de comentarios y su direcci\u00f3n IP y el agente de usuario de su navegador se recopilan para ayudarnos a detectar comentarios no deseados.<\/p>\n<p>Se puede proporcionar una cadena an\u00f3nima creada a partir de su direcci\u00f3n de correo electr\u00f3nico (tambi\u00e9n llamada hash) al servicio Gravatar para ver si la est\u00e1 utilizando. Las cl\u00e1usulas de confidencialidad del servicio Gravatar est\u00e1n disponibles aqu\u00ed: https:\/\/automattic.com\/privacy\/. Una vez que su comentario haya sido aprobado, su foto de perfil ser\u00e1 visible p\u00fablicamente junto a su comentario.<\/p>\n<h4>Media<\/h4>\n<p>Si es un usuario registrado y sube im\u00e1genes al sitio web, le aconsejamos que evite subir im\u00e1genes que contengan datos EXIF de coordenadas GPS. Los visitantes de su sitio web pueden descargar y extraer datos de localizaci\u00f3n de estas im\u00e1genes.<\/p>\n<h4><a id=\"cookies\"><\/a>Cookies<\/h4>\n<p>Este sitio web utiliza cookies, es decir, peque\u00f1os archivos de texto que se colocan en su dispositivo para ayudar al sitio web a ofrecer una mejor experiencia de usuario. En general, las cookies se utilizan para recordar las preferencias del usuario, almacenar informaci\u00f3n para cosas como las cestas de la compra y proporcionar datos de seguimiento an\u00f3nimos a aplicaciones de terceros como Google Analytics. Por regla general, las cookies mejoran su experiencia de navegaci\u00f3n. Sin embargo, es posible que prefiera desactivar las cookies en este y otros sitios web. La forma m\u00e1s eficaz de hacerlo es desactivar las cookies en su navegador. Le recomendamos que consulte la secci\u00f3n de ayuda de su navegador o el sitio web About Cookies, que ofrece consejos para todos los navegadores modernos.<\/p>\n<p>Si publica un comentario en nuestro sitio web, se le pedir\u00e1 que almacene su nombre, direcci\u00f3n de correo electr\u00f3nico y sitio web en estas cookies. Esto es puramente para su facilidad de uso para que no tenga que introducir esta informaci\u00f3n si publica otro comentario m\u00e1s tarde. Estas cookies caducan al cabo de un a\u00f1o.<\/p>\n<p>Si tiene una cuenta y se conecta a este sitio web, se crear\u00e1 una cookie temporal para determinar si su navegador acepta cookies. No contienen datos personales y se borrar\u00e1n autom\u00e1ticamente cuando cierre su navegador.<\/p>\n<p>Al iniciar la sesi\u00f3n, creamos una serie de cookies para almacenar sus datos de acceso y sus preferencias de pantalla. El ciclo de vida de una cookie de sesi\u00f3n es de dos d\u00edas; el de una cookie de opciones de pantalla es de un a\u00f1o. Si marca \u201cRecordarme\u201d, su cookie de sesi\u00f3n se almacenar\u00e1 durante dos semanas. Si sale de su cuenta, la cookie de sesi\u00f3n se borrar\u00e1.<\/p>\n<p>Si edita o publica un art\u00edculo, se almacenar\u00e1 una cookie adicional en su navegador. Esta cookie no contiene ning\u00fan dato personal. Simplemente proporciona el identificador del art\u00edculo que acaba de editar. Caduca al cabo de un d\u00eda.<\/p>\n<ul>\n<li>garantizar el funcionamiento eficaz de los distintos scripts de codificaci\u00f3n utilizados<\/li>\n<li>garantizar la correcta visualizaci\u00f3n de los anuncios publicitarios;<\/li>\n<li>garantizar el seguimiento a trav\u00e9s de las herramientas proporcionadas por Google Analytics.\u00a0<\/li>\n<li>garantizar el funcionamiento eficaz de los botones para compartir en las redes sociales.<\/li>\n<\/ul>\n<p><strong>Configuraci\u00f3n del navegador<\/strong><\/p>\n<p>La configuraci\u00f3n puede modificar sus condiciones de acceso a los contenidos y servicios que requieren el uso de cookies.<\/p>\n<p>Si el navegador est\u00e1 configurado para rechazar todas las cookies, es posible que se bloquee el acceso a todo el sitio o a parte de \u00e9l.<\/p>\n<!-- Shortcode [consentimiento] does not exist -->\n<h3>Contenido incrustado de otros sitios web<\/h3>\n<p>Los art\u00edculos de este sitio web pueden incluir contenido incrustado (por ejemplo, v\u00eddeos, im\u00e1genes, art\u00edculos, etc.). El contenido incrustado de otros sitios web se comporta de la misma manera que si el visitante visitara este otro sitio web.<\/p>\n<p>Estos sitios web pueden recopilar datos sobre usted, utilizar cookies, incrustar herramientas de seguimiento de terceros y realizar un seguimiento de sus interacciones con este contenido incrustado si ha iniciado sesi\u00f3n en una cuenta en su sitio web.<\/p>\n<h3>Periodo de almacenamiento de sus datos<\/h3>\n<p>Si publica un comentario, el comentario y sus metadatos se almacenan indefinidamente. Esto nos permite reconocer y aprobar autom\u00e1ticamente los comentarios posteriores en lugar de dejarlos en el archivo de moderaci\u00f3n.<\/p>\n<h3>Sus derechos en materia de datos<\/h3>\n<p>Si tiene una cuenta o ha publicado comentarios en el sitio web, puede solicitar que se le env\u00ede un archivo con todos los datos personales que tenemos sobre usted, incluidos los que nos ha proporcionado. Tambi\u00e9n puede solicitar la supresi\u00f3n de sus datos personales. Esto no tiene en cuenta los datos almacenados con fines administrativos o legales o por razones de seguridad.<\/p>\n<p>Los comentarios de los visitantes pueden ser verificados mediante un servicio automatizado para detectar comentarios no deseados.<\/p>\n\n\t\t\t\t\n\n\t\t\t\t<\/div>\n\t\t\t\t<\/div>\n\t\t\t\t\t<\/div>\n\t\t<\/div>\n\t\t\t\t\t<\/div>\n\t\t<\/section>\n\t\t\t\t<\/div>\n\t\t\n\n","protected":false},"excerpt":{"rendered":"<p>Contenidos Lea atentamente las condiciones de uso de este sitio web antes de consultar sus p\u00e1ginas. Al visitar este sitio web, usted acepta plenamente estas condiciones de uso. Asimismo, de conformidad con el art\u00edculo 6 de la Ley n\u00ba 2004-575 de 21 de junio de 2004 sobre la confianza en la econom\u00eda digital, los gestores [&hellip;]<\/p>\n","protected":false},"author":2,"featured_media":68845,"parent":0,"menu_order":0,"comment_status":"closed","ping_status":"closed","template":"","meta":{"_acf_changed":false,"_seopress_robots_primary_cat":"","_seopress_titles_title":"Menciones legales para el sitio web de DimoMaint","_seopress_titles_desc":"Lea las menciones legales del sitio web de DimoMaint, editor, experto en integraci\u00f3n y especialista en software de gesti\u00f3n.","_seopress_robots_index":"","inline_featured_image":false,"site-sidebar-layout":"no-sidebar","site-content-layout":"page-builder","ast-site-content-layout":"full-width-container","site-content-style":"default","site-sidebar-style":"default","ast-global-header-display":"","ast-banner-title-visibility":"","ast-main-header-display":"","ast-hfb-above-header-display":"","ast-hfb-below-header-display":"","ast-hfb-mobile-header-display":"","site-post-title":"disabled","ast-breadcrumbs-content":"","ast-featured-img":"disabled","footer-sml-layout":"","ast-disable-related-posts":"","theme-transparent-header-meta":"default","adv-header-id-meta":"","stick-header-meta":"","header-above-stick-meta":"","header-main-stick-meta":"","header-below-stick-meta":"","astra-migrate-meta-layouts":"set","ast-page-background-enabled":"default","ast-page-background-meta":{"desktop":{"background-color":"var(--ast-global-color-4)","background-image":"","background-repeat":"repeat","background-position":"center center","background-size":"auto","background-attachment":"scroll","background-type":"","background-media":"","overlay-type":"","overlay-color":"","overlay-opacity":"","overlay-gradient":""},"tablet":{"background-color":"","background-image":"","background-repeat":"repeat","background-position":"center center","background-size":"auto","background-attachment":"scroll","background-type":"","background-media":"","overlay-type":"","overlay-color":"","overlay-opacity":"","overlay-gradient":""},"mobile":{"background-color":"","background-image":"","background-repeat":"repeat","background-position":"center center","background-size":"auto","background-attachment":"scroll","background-type":"","background-media":"","overlay-type":"","overlay-color":"","overlay-opacity":"","overlay-gradient":""}},"ast-content-background-meta":{"desktop":{"background-color":"var(--ast-global-color-5)","background-image":"","background-repeat":"repeat","background-position":"center center","background-size":"auto","background-attachment":"scroll","background-type":"","background-media":"","overlay-type":"","overlay-color":"","overlay-opacity":"","overlay-gradient":""},"tablet":{"background-color":"var(--ast-global-color-5)","background-image":"","background-repeat":"repeat","background-position":"center center","background-size":"auto","background-attachment":"scroll","background-type":"","background-media":"","overlay-type":"","overlay-color":"","overlay-opacity":"","overlay-gradient":""},"mobile":{"background-color":"var(--ast-global-color-5)","background-image":"","background-repeat":"repeat","background-position":"center center","background-size":"auto","background-attachment":"scroll","background-type":"","background-media":"","overlay-type":"","overlay-color":"","overlay-opacity":"","overlay-gradient":""}},"footnotes":""},"class_list":["post-68314","page","type-page","status-publish","has-post-thumbnail"],"acf":{"url_francaise":"https:\/\/www.gmao.com\/mentions-legales\/","url_anglaise":"https:\/\/www.dimomaint.com\/legal-information\/","url_allemande":"https:\/\/www.dimomaint.de\/rechtliche-hinweise\/","url_espagnole_mexicaine":"https:\/\/www.dimomaint.com\/latam\/aviso-legal\/"},"url_francaise":"https:\/\/www.gmao.com\/mentions-legales\/","url_anglaise":"https:\/\/www.dimomaint.com\/legal-information\/","url_espagnole_mexicaine":"https:\/\/www.dimomaint.com\/latam\/aviso-legal\/","_links":{"self":[{"href":"https:\/\/www.dimomaint.com\/es\/wp-json\/wp\/v2\/pages\/68314","targetHints":{"allow":["GET"]}}],"collection":[{"href":"https:\/\/www.dimomaint.com\/es\/wp-json\/wp\/v2\/pages"}],"about":[{"href":"https:\/\/www.dimomaint.com\/es\/wp-json\/wp\/v2\/types\/page"}],"author":[{"embeddable":true,"href":"https:\/\/www.dimomaint.com\/es\/wp-json\/wp\/v2\/users\/2"}],"replies":[{"embeddable":true,"href":"https:\/\/www.dimomaint.com\/es\/wp-json\/wp\/v2\/comments?post=68314"}],"version-history":[{"count":0,"href":"https:\/\/www.dimomaint.com\/es\/wp-json\/wp\/v2\/pages\/68314\/revisions"}],"wp:featuredmedia":[{"embeddable":true,"href":"https:\/\/www.dimomaint.com\/es\/wp-json\/wp\/v2\/media\/68845"}],"wp:attachment":[{"href":"https:\/\/www.dimomaint.com\/es\/wp-json\/wp\/v2\/media?parent=68314"}],"curies":[{"name":"wp","href":"https:\/\/api.w.org\/{rel}","templated":true}]}}