{"id":69237,"date":"2023-12-12T14:45:04","date_gmt":"2023-12-12T13:45:04","guid":{"rendered":"https:\/\/www.dimomaint.com\/latam\/?page_id=69237"},"modified":"2023-12-14T12:26:48","modified_gmt":"2023-12-14T11:26:48","slug":"guias","status":"publish","type":"page","link":"https:\/\/www.dimomaint.com\/latam\/recursos\/guias\/","title":{"rendered":"Gu\u00edas"},"content":{"rendered":"<div data-elementor-type=\"wp-page\" data-elementor-id=\"69237\" class=\"elementor elementor-69237\" data-elementor-post-type=\"page\">\n\t\t\t\t\t\t<section class=\"elementor-section elementor-top-section elementor-element elementor-element-b9bb216 elementor-section-boxed elementor-section-height-default elementor-section-height-default\" data-id=\"b9bb216\" data-element_type=\"section\" data-e-type=\"section\">\n\t\t\t\t\t\t<div class=\"elementor-container elementor-column-gap-default\">\n\t\t\t\t\t<div class=\"elementor-column elementor-col-100 elementor-top-column elementor-element elementor-element-dccc00f\" data-id=\"dccc00f\" data-element_type=\"column\" data-e-type=\"column\" data-settings='{\"background_background\":\"classic\"}'>\n\t\t\t<div class=\"elementor-widget-wrap elementor-element-populated\">\n\t\t\t\t\t\t<section class=\"elementor-section elementor-inner-section elementor-element elementor-element-b43ed1c elementor-section-height-min-height elementor-section-boxed elementor-section-height-default\" data-id=\"b43ed1c\" data-element_type=\"section\" data-e-type=\"section\">\n\t\t\t\t\t\t<div class=\"elementor-container elementor-column-gap-wider\">\n\t\t\t\t\t<div class=\"elementor-column elementor-col-100 elementor-inner-column elementor-element elementor-element-85db2c1\" data-id=\"85db2c1\" data-element_type=\"column\" data-e-type=\"column\">\n\t\t\t<div class=\"elementor-widget-wrap elementor-element-populated\">\n\t\t\t\t\t\t<div class=\"elementor-element elementor-element-f62fd4d elementor-widget elementor-widget-heading\" data-id=\"f62fd4d\" data-element_type=\"widget\" data-e-type=\"widget\" data-widget_type=\"heading.default\">\n\t\t\t\t<div class=\"elementor-widget-container\">\n\t\t\t\t\t<h1 class=\"elementor-heading-title elementor-size-default\">Gu\u00edas<\/h1>\n\n\t\t\t\t<\/div>\n\t\t\t\t<\/div>\n\t\t\t\t<div class=\"elementor-element elementor-element-823b640 elementor-widget elementor-widget-text-editor\" data-id=\"823b640\" data-element_type=\"widget\" data-e-type=\"widget\" data-widget_type=\"text-editor.default\">\n\t\t\t\t<div class=\"elementor-widget-container\">\n\t\t\t\t\t<p>Todo lo que necesita saber y aprender sobre mantenimiento en gu\u00edas especializadas.<\/p>\n\n\t\t\t\t\n\n\t\t\t\t<\/div>\n\t\t\t\t<\/div>\n\t\t\t\t\t<\/div>\n\t\t<\/div>\n\t\t\t\t\t<\/div>\n\t\t<\/section>\n\t\t\t\t\t<\/div>\n\t\t<\/div>\n\t\t\t\t\t<\/div>\n\t\t<\/section>\n\t\t\t\t<section class=\"elementor-section elementor-top-section elementor-element elementor-element-13d87ef elementor-section-boxed elementor-section-height-default elementor-section-height-default\" data-id=\"13d87ef\" data-element_type=\"section\" data-e-type=\"section\">\n\t\t\t\t\t\t<div class=\"elementor-container elementor-column-gap-default\">\n\t\t\t\t\t<div class=\"elementor-column elementor-col-100 elementor-top-column elementor-element elementor-element-c9bd4c5\" data-id=\"c9bd4c5\" data-element_type=\"column\" data-e-type=\"column\" data-settings='{\"background_background\":\"classic\"}'>\n\t\t\t<div class=\"elementor-widget-wrap elementor-element-populated\">\n\t\t\t\t\t\t<div class=\"elementor-element elementor-element-39b4793 uael-post__link-complete-yes uael-equal__height-yes uael-post__content-align-left elementor-widget elementor-widget-uael-posts\" data-id=\"39b4793\" data-element_type=\"widget\" data-e-type=\"widget\" data-settings='{\"business_slides_to_show\":3,\"business_slides_to_show_tablet\":2,\"business_slides_to_show_mobile\":1}' data-widget_type=\"uael-posts.business\">\n\t\t\t\t<div class=\"elementor-widget-container\">\n\t\t\t\t\t<div class=\"uael-post__header\">\n\t\t\t\t\t<\/div>\n\t\t<div class=\"uael-post__body\">\n\t\t\t\n\t\t\n\t\t<div class=\"uael-blog-terms-position-media uael-post-image-top uael-post-grid uael-posts\" data-query-type=\"custom\" data-structure=\"normal\" data-layout=\"\" data-page=\"69237\" data-skin=\"business\" data-filter-default=\"\" data-offset-top=\"30\">\n\n\t\t\t\t\t\t\t<div class=\"uael-post-grid__inner uael-post__columns-3 uael-post__columns-tablet-2 uael-post__columns-mobile-1 uael-post-infinite-scroll uael-post-infinite__event-click\">\n\t\t\t\n\n<div class=\"uael-post-wrapper   gu\u00edas \">\n\t<div class=\"uael-post__bg-wrap uael-bg-wrap-disabled\">\n\n\t\t\t\t\t<a href=\"https:\/\/www.dimomaint.com\/latam\/guias\/que-es-cmms\/\" target=\"_self\" class=\"uael-post__complete-box-overlay\" aria-label=\"Link Complete Box\"><\/a>\n\t\t\t\t\n\t\t<div class=\"uael-post__inner-wrap uael-inner-wrap-disabled\">\n\n\t\t\t\t<div class=\"uael-post__thumbnail\">\n\t\t\t\n\t\t\t<a href=\"https:\/\/www.dimomaint.com\/latam\/guias\/que-es-cmms\/\" target=\"_self\" title=\"\u00bfQue es un CMMS ?\"><img fetchpriority=\"high\" decoding=\"async\" width=\"530\" height=\"296\" src=\"https:\/\/www.dimomaint.com\/latam\/wp-content\/uploads\/que-es-un-cmms-530x296.png\" class=\"attachment-dimo-home-posts size-dimo-home-posts wp-image-68864\" alt=\"Que es un CMMS\" srcset=\"https:\/\/www.dimomaint.com\/latam\/wp-content\/uploads\/que-es-un-cmms-530x296.png 530w, https:\/\/www.dimomaint.com\/latam\/wp-content\/uploads\/que-es-un-cmms-360x202.png 360w, https:\/\/www.dimomaint.com\/latam\/wp-content\/uploads\/que-es-un-cmms-710x398.png 710w, https:\/\/www.dimomaint.com\/latam\/wp-content\/uploads\/que-es-un-cmms-347x194.png 347w, https:\/\/www.dimomaint.com\/latam\/wp-content\/uploads\/que-es-un-cmms.png 1456w\" sizes=\"(max-width: 530px) 100vw, 530px\" \/><\/a>\n\t\t\t\t\t<\/div>\n\t\t\n\t\t\t\n\t\t\t<div class=\"uael-post__content-wrap uael-content-wrap-disabled\">\n\t\t\t\t\t\t<h3 class=\"uael-post__title\">\n\n\t\t\n\t\t\t\t\t\t<a href=\"https:\/\/www.dimomaint.com\/latam\/guias\/que-es-cmms\/\" target=\"_self\">\n\t\t\t\t\u00bfQue es un CMMS ?\t\t\t<\/a>\n\n\t\t\t\t<\/h3>\n\t\t<div class=\"uael-implantation\"><\/div><div class=\"uael-post__separator-wrap\"><div class=\"uael-post__separator uael-post__gradient-separator\"><\/div><\/div>\t\t\t<\/div>\n\t\t\t\n\t\t<\/div>\n\t\t\n\t<\/div>\n\n<\/div>\n\n\n<div class=\"uael-post-wrapper   gu\u00edas \">\n\t<div class=\"uael-post__bg-wrap uael-bg-wrap-disabled\">\n\n\t\t\t\t\t<a href=\"https:\/\/www.dimomaint.com\/latam\/guias\/facility-management-optimizar-parque-inmobiliario\/\" target=\"_self\" class=\"uael-post__complete-box-overlay\" aria-label=\"Link Complete Box\"><\/a>\n\t\t\t\t\n\t\t<div class=\"uael-post__inner-wrap uael-inner-wrap-disabled\">\n\n\t\t\t\t<div class=\"uael-post__thumbnail\">\n\t\t\t\n\t\t\t<a href=\"https:\/\/www.dimomaint.com\/latam\/guias\/facility-management-optimizar-parque-inmobiliario\/\" target=\"_self\" title=\"Facility Management y la gesti\u00f3n de portafolios inmobiliarios: desaf\u00edos y buenas pr\u00e1cticas\"><img decoding=\"async\" width=\"530\" height=\"296\" src=\"https:\/\/www.dimomaint.com\/latam\/wp-content\/uploads\/gestion-del-rendimiento-como-presupuestar-y-gestionar-su-nomina-530x296.jpg\" class=\"attachment-dimo-home-posts size-dimo-home-posts wp-image-70846\" alt=\"Facility Management: \u00bfc\u00f3mo optimizar la gesti\u00f3n de tu parque inmobiliario?\" srcset=\"https:\/\/www.dimomaint.com\/latam\/wp-content\/uploads\/gestion-del-rendimiento-como-presupuestar-y-gestionar-su-nomina-530x296.jpg 530w, https:\/\/www.dimomaint.com\/latam\/wp-content\/uploads\/gestion-del-rendimiento-como-presupuestar-y-gestionar-su-nomina-347x194.jpg 347w\" sizes=\"(max-width: 530px) 100vw, 530px\" \/><\/a>\n\t\t\t\t\t<\/div>\n\t\t\n\t\t\t\n\t\t\t<div class=\"uael-post__content-wrap uael-content-wrap-disabled\">\n\t\t\t\t\t\t<h3 class=\"uael-post__title\">\n\n\t\t\n\t\t\t\t\t\t<a href=\"https:\/\/www.dimomaint.com\/latam\/guias\/facility-management-optimizar-parque-inmobiliario\/\" target=\"_self\">\n\t\t\t\tFacility Management y la gesti\u00f3n de portafolios inmobiliarios: desaf\u00edos y buenas pr\u00e1cticas\t\t\t<\/a>\n\n\t\t\t\t<\/h3>\n\t\t<div class=\"uael-implantation\"><\/div><div class=\"uael-post__separator-wrap\"><div class=\"uael-post__separator uael-post__gradient-separator\"><\/div><\/div>\t\t\t<\/div>\n\t\t\t\n\t\t<\/div>\n\t\t\n\t<\/div>\n\n<\/div>\n\n\n<div class=\"uael-post-wrapper   gu\u00edas \">\n\t<div class=\"uael-post__bg-wrap uael-bg-wrap-disabled\">\n\n\t\t\t\t\t<a href=\"https:\/\/www.dimomaint.com\/latam\/guias\/que-es-mtbf\/\" target=\"_self\" class=\"uael-post__complete-box-overlay\" aria-label=\"Link Complete Box\"><\/a>\n\t\t\t\t\n\t\t<div class=\"uael-post__inner-wrap uael-inner-wrap-disabled\">\n\n\t\t\t\t<div class=\"uael-post__thumbnail\">\n\t\t\t\n\t\t\t<a href=\"https:\/\/www.dimomaint.com\/latam\/guias\/que-es-mtbf\/\" target=\"_self\" title=\"\u00bfQue es MTBF?\"><img decoding=\"async\" width=\"530\" height=\"296\" src=\"https:\/\/www.dimomaint.com\/latam\/wp-content\/uploads\/que-es-mtbf-530x296.png\" class=\"attachment-dimo-home-posts size-dimo-home-posts wp-image-68863\" alt=\"Que es MTBF\" srcset=\"https:\/\/www.dimomaint.com\/latam\/wp-content\/uploads\/que-es-mtbf-530x296.png 530w, https:\/\/www.dimomaint.com\/latam\/wp-content\/uploads\/que-es-mtbf-360x202.png 360w, https:\/\/www.dimomaint.com\/latam\/wp-content\/uploads\/que-es-mtbf-710x398.png 710w, https:\/\/www.dimomaint.com\/latam\/wp-content\/uploads\/que-es-mtbf-347x194.png 347w, https:\/\/www.dimomaint.com\/latam\/wp-content\/uploads\/que-es-mtbf.png 732w\" sizes=\"(max-width: 530px) 100vw, 530px\" \/><\/a>\n\t\t\t<span class=\"uael-post__terms\"><i aria-hidden=\"true\" class=\"far fa-bookmark\"><\/i><span class=\"uael-listing__terms-link\">Gesti\u00f3n del mantenimiento<\/span><\/span>\t\t<\/div>\n\t\t\n\t\t\t\n\t\t\t<div class=\"uael-post__content-wrap uael-content-wrap-disabled\">\n\t\t\t\t\t\t<h3 class=\"uael-post__title\">\n\n\t\t\n\t\t\t\t\t\t<a href=\"https:\/\/www.dimomaint.com\/latam\/guias\/que-es-mtbf\/\" target=\"_self\">\n\t\t\t\t\u00bfQue es MTBF?\t\t\t<\/a>\n\n\t\t\t\t<\/h3>\n\t\t<div class=\"uael-implantation\"><\/div><div class=\"uael-post__separator-wrap\"><div class=\"uael-post__separator uael-post__gradient-separator\"><\/div><\/div>\t\t\t<\/div>\n\t\t\t\n\t\t<\/div>\n\t\t\n\t<\/div>\n\n<\/div>\n\n\n<div class=\"uael-post-wrapper   gu\u00edas \">\n\t<div class=\"uael-post__bg-wrap uael-bg-wrap-disabled\">\n\n\t\t\t\t\t<a href=\"https:\/\/www.dimomaint.com\/latam\/guias\/que-es-orden-de-trabajo\/\" target=\"_self\" class=\"uael-post__complete-box-overlay\" aria-label=\"Link Complete Box\"><\/a>\n\t\t\t\t\n\t\t<div class=\"uael-post__inner-wrap uael-inner-wrap-disabled\">\n\n\t\t\t\t<div class=\"uael-post__thumbnail\">\n\t\t\t\n\t\t\t<a href=\"https:\/\/www.dimomaint.com\/latam\/guias\/que-es-orden-de-trabajo\/\" target=\"_self\" title=\"\u00bfQu\u00e9 es una orden de trabajo?\"><img loading=\"lazy\" decoding=\"async\" width=\"530\" height=\"296\" src=\"https:\/\/www.dimomaint.com\/latam\/wp-content\/uploads\/que-es-una-orden-de-trabajo-530x296.png\" class=\"attachment-dimo-home-posts size-dimo-home-posts wp-image-68862\" alt=\"Qu\u00e9 es una orden de trabajo\" srcset=\"https:\/\/www.dimomaint.com\/latam\/wp-content\/uploads\/que-es-una-orden-de-trabajo-530x296.png 530w, https:\/\/www.dimomaint.com\/latam\/wp-content\/uploads\/que-es-una-orden-de-trabajo-360x202.png 360w, https:\/\/www.dimomaint.com\/latam\/wp-content\/uploads\/que-es-una-orden-de-trabajo-710x398.png 710w, https:\/\/www.dimomaint.com\/latam\/wp-content\/uploads\/que-es-una-orden-de-trabajo-347x194.png 347w, https:\/\/www.dimomaint.com\/latam\/wp-content\/uploads\/que-es-una-orden-de-trabajo.png 1456w\" sizes=\"(max-width: 530px) 100vw, 530px\" \/><\/a>\n\t\t\t\t\t<\/div>\n\t\t\n\t\t\t\n\t\t\t<div class=\"uael-post__content-wrap uael-content-wrap-disabled\">\n\t\t\t\t\t\t<h3 class=\"uael-post__title\">\n\n\t\t\n\t\t\t\t\t\t<a href=\"https:\/\/www.dimomaint.com\/latam\/guias\/que-es-orden-de-trabajo\/\" target=\"_self\">\n\t\t\t\t\u00bfQu\u00e9 es una orden de trabajo?\t\t\t<\/a>\n\n\t\t\t\t<\/h3>\n\t\t<div class=\"uael-implantation\"><\/div><div class=\"uael-post__separator-wrap\"><div class=\"uael-post__separator uael-post__gradient-separator\"><\/div><\/div>\t\t\t<\/div>\n\t\t\t\n\t\t<\/div>\n\t\t\n\t<\/div>\n\n<\/div>\n\n\n<div class=\"uael-post-wrapper   gu\u00edas \">\n\t<div class=\"uael-post__bg-wrap uael-bg-wrap-disabled\">\n\n\t\t\t\t\t<a href=\"https:\/\/www.dimomaint.com\/latam\/guias\/que-es-tpm\/\" target=\"_self\" class=\"uael-post__complete-box-overlay\" aria-label=\"Link Complete Box\"><\/a>\n\t\t\t\t\n\t\t<div class=\"uael-post__inner-wrap uael-inner-wrap-disabled\">\n\n\t\t\t\t<div class=\"uael-post__thumbnail\">\n\t\t\t\n\t\t\t<a href=\"https:\/\/www.dimomaint.com\/latam\/guias\/que-es-tpm\/\" target=\"_self\" title=\"\u00bfQu\u00e9 es el Mantenimiento Productivo Total (TPM)?\"><img loading=\"lazy\" decoding=\"async\" width=\"530\" height=\"296\" src=\"https:\/\/www.dimomaint.com\/latam\/wp-content\/uploads\/que-es-el-mantenimiento-productivo-total-tpm-530x296.png\" class=\"attachment-dimo-home-posts size-dimo-home-posts wp-image-68861\" alt=\"Qu\u00e9 es el Mantenimiento Productivo Total (TPM)\" srcset=\"https:\/\/www.dimomaint.com\/latam\/wp-content\/uploads\/que-es-el-mantenimiento-productivo-total-tpm-530x296.png 530w, https:\/\/www.dimomaint.com\/latam\/wp-content\/uploads\/que-es-el-mantenimiento-productivo-total-tpm-360x202.png 360w, https:\/\/www.dimomaint.com\/latam\/wp-content\/uploads\/que-es-el-mantenimiento-productivo-total-tpm-710x398.png 710w, https:\/\/www.dimomaint.com\/latam\/wp-content\/uploads\/que-es-el-mantenimiento-productivo-total-tpm-347x194.png 347w, https:\/\/www.dimomaint.com\/latam\/wp-content\/uploads\/que-es-el-mantenimiento-productivo-total-tpm.png 732w\" sizes=\"(max-width: 530px) 100vw, 530px\" \/><\/a>\n\t\t\t\t\t<\/div>\n\t\t\n\t\t\t\n\t\t\t<div class=\"uael-post__content-wrap uael-content-wrap-disabled\">\n\t\t\t\t\t\t<h3 class=\"uael-post__title\">\n\n\t\t\n\t\t\t\t\t\t<a href=\"https:\/\/www.dimomaint.com\/latam\/guias\/que-es-tpm\/\" target=\"_self\">\n\t\t\t\t\u00bfQu\u00e9 es el Mantenimiento Productivo Total (TPM)?\t\t\t<\/a>\n\n\t\t\t\t<\/h3>\n\t\t<div class=\"uael-implantation\"><\/div><div class=\"uael-post__separator-wrap\"><div class=\"uael-post__separator uael-post__gradient-separator\"><\/div><\/div>\t\t\t<\/div>\n\t\t\t\n\t\t<\/div>\n\t\t\n\t<\/div>\n\n<\/div>\n\n\n<div class=\"uael-post-wrapper   gu\u00edas \">\n\t<div class=\"uael-post__bg-wrap uael-bg-wrap-disabled\">\n\n\t\t\t\t\t<a href=\"https:\/\/www.dimomaint.com\/latam\/guias\/que-es-mantenimiento-preventivo\/\" target=\"_self\" class=\"uael-post__complete-box-overlay\" aria-label=\"Link Complete Box\"><\/a>\n\t\t\t\t\n\t\t<div class=\"uael-post__inner-wrap uael-inner-wrap-disabled\">\n\n\t\t\t\t<div class=\"uael-post__thumbnail\">\n\t\t\t\n\t\t\t<a href=\"https:\/\/www.dimomaint.com\/latam\/guias\/que-es-mantenimiento-preventivo\/\" target=\"_self\" title=\"\u00bfQu\u00e9 es el mantenimiento preventivo?  Objetivos y puesta en marcha\"><img loading=\"lazy\" decoding=\"async\" width=\"530\" height=\"296\" src=\"https:\/\/www.dimomaint.com\/latam\/wp-content\/uploads\/que-es-el-mantenimiento-preventivo-530x296.png\" class=\"attachment-dimo-home-posts size-dimo-home-posts wp-image-68860\" alt=\"Qu\u00e9 es el mantenimiento preventivo\" srcset=\"https:\/\/www.dimomaint.com\/latam\/wp-content\/uploads\/que-es-el-mantenimiento-preventivo-530x296.png 530w, https:\/\/www.dimomaint.com\/latam\/wp-content\/uploads\/que-es-el-mantenimiento-preventivo-360x202.png 360w, https:\/\/www.dimomaint.com\/latam\/wp-content\/uploads\/que-es-el-mantenimiento-preventivo-710x398.png 710w, https:\/\/www.dimomaint.com\/latam\/wp-content\/uploads\/que-es-el-mantenimiento-preventivo-347x194.png 347w, https:\/\/www.dimomaint.com\/latam\/wp-content\/uploads\/que-es-el-mantenimiento-preventivo.png 1456w\" sizes=\"(max-width: 530px) 100vw, 530px\" \/><\/a>\n\t\t\t\t\t<\/div>\n\t\t\n\t\t\t\n\t\t\t<div class=\"uael-post__content-wrap uael-content-wrap-disabled\">\n\t\t\t\t\t\t<h3 class=\"uael-post__title\">\n\n\t\t\n\t\t\t\t\t\t<a href=\"https:\/\/www.dimomaint.com\/latam\/guias\/que-es-mantenimiento-preventivo\/\" target=\"_self\">\n\t\t\t\t\u00bfQu\u00e9 es el mantenimiento preventivo?  Objetivos y puesta en marcha\t\t\t<\/a>\n\n\t\t\t\t<\/h3>\n\t\t<div class=\"uael-implantation\"><\/div><div class=\"uael-post__separator-wrap\"><div class=\"uael-post__separator uael-post__gradient-separator\"><\/div><\/div>\t\t\t<\/div>\n\t\t\t\n\t\t<\/div>\n\t\t\n\t<\/div>\n\n<\/div>\n\n\n<div class=\"uael-post-wrapper   gu\u00edas \">\n\t<div class=\"uael-post__bg-wrap uael-bg-wrap-disabled\">\n\n\t\t\t\t\t<a href=\"https:\/\/www.dimomaint.com\/latam\/guias\/que-es-software-de-mantenimiento\/\" target=\"_self\" class=\"uael-post__complete-box-overlay\" aria-label=\"Link Complete Box\"><\/a>\n\t\t\t\t\n\t\t<div class=\"uael-post__inner-wrap uael-inner-wrap-disabled\">\n\n\t\t\t\t<div class=\"uael-post__thumbnail\">\n\t\t\t\n\t\t\t<a href=\"https:\/\/www.dimomaint.com\/latam\/guias\/que-es-software-de-mantenimiento\/\" target=\"_self\" title=\"\u00bfQu\u00e9 es un Software de Mantenimiento?\"><img loading=\"lazy\" decoding=\"async\" width=\"530\" height=\"296\" src=\"https:\/\/www.dimomaint.com\/latam\/wp-content\/uploads\/que-es-un-software-de-mantenimiento-530x296.png\" class=\"attachment-dimo-home-posts size-dimo-home-posts wp-image-68865\" alt=\"Qu\u00e9 es un Software de Mantenimiento\" srcset=\"https:\/\/www.dimomaint.com\/latam\/wp-content\/uploads\/que-es-un-software-de-mantenimiento-530x296.png 530w, https:\/\/www.dimomaint.com\/latam\/wp-content\/uploads\/que-es-un-software-de-mantenimiento-360x202.png 360w, https:\/\/www.dimomaint.com\/latam\/wp-content\/uploads\/que-es-un-software-de-mantenimiento-710x398.png 710w, https:\/\/www.dimomaint.com\/latam\/wp-content\/uploads\/que-es-un-software-de-mantenimiento-347x194.png 347w, https:\/\/www.dimomaint.com\/latam\/wp-content\/uploads\/que-es-un-software-de-mantenimiento.png 732w\" sizes=\"(max-width: 530px) 100vw, 530px\" \/><\/a>\n\t\t\t\t\t<\/div>\n\t\t\n\t\t\t\n\t\t\t<div class=\"uael-post__content-wrap uael-content-wrap-disabled\">\n\t\t\t\t\t\t<h3 class=\"uael-post__title\">\n\n\t\t\n\t\t\t\t\t\t<a href=\"https:\/\/www.dimomaint.com\/latam\/guias\/que-es-software-de-mantenimiento\/\" target=\"_self\">\n\t\t\t\t\u00bfQu\u00e9 es un Software de Mantenimiento?\t\t\t<\/a>\n\n\t\t\t\t<\/h3>\n\t\t<div class=\"uael-implantation\"><\/div><div class=\"uael-post__separator-wrap\"><div class=\"uael-post__separator uael-post__gradient-separator\"><\/div><\/div>\t\t\t<\/div>\n\t\t\t\n\t\t<\/div>\n\t\t\n\t<\/div>\n\n<\/div>\n\t\t\t\t<\/div>\n\t\t\t\t\t\t<div class=\"uael-post-inf-loader\">\n\t\t\t\t<div class=\"uael-post-loader-1\"><\/div>\n\t\t\t\t<div class=\"uael-post-loader-2\"><\/div>\n\t\t\t\t<div class=\"uael-post-loader-3\"><\/div>\n\t\t\t<\/div>\n\t\t\t\t\t\t\n\t\t<\/div>\n\n\t\t\t\t\t\t<\/div>\n\t\t<div class=\"uael-post__footer\">\n\t\t\t\t\t<\/div>\n\t\t\n\n\t\t\t\t<\/div>\n\t\t\t\t<\/div>\n\t\t\t\t\t<\/div>\n\t\t<\/div>\n\t\t\t\t\t<\/div>\n\t\t<\/section>\n\t\t\t\t<\/div>\n\t\t\n\n","protected":false},"excerpt":{"rendered":"<p>Todo lo que necesita saber y aprender sobre mantenimiento en gu\u00edas especializadas. \u00bfQue es un CMMS ? \u00bfQue es MTBF? \u00bfQu\u00e9 es una orden de trabajo? \u00bfQu\u00e9 es el Mantenimiento Productivo Total (TPM)? \u00bfQu\u00e9 es el mantenimiento preventivo? Objetivos y puesta en marcha \u00bfQu\u00e9 es un Software de Mantenimiento?<\/p>\n","protected":false},"author":2,"featured_media":69895,"parent":68366,"menu_order":0,"comment_status":"closed","ping_status":"closed","template":"","meta":{"_acf_changed":false,"_seopress_robots_primary_cat":"","_seopress_titles_title":"Las gu\u00edas de mantenimiento de DimoMaint","_seopress_titles_desc":"Todo lo que necesita saber y aprender sobre mantenimiento en gu\u00edas especializadas.","_seopress_robots_index":"","inline_featured_image":false,"site-sidebar-layout":"no-sidebar","site-content-layout":"page-builder","ast-site-content-layout":"full-width-container","site-content-style":"default","site-sidebar-style":"default","ast-global-header-display":"","ast-banner-title-visibility":"","ast-main-header-display":"","ast-hfb-above-header-display":"","ast-hfb-below-header-display":"","ast-hfb-mobile-header-display":"","site-post-title":"disabled","ast-breadcrumbs-content":"","ast-featured-img":"disabled","footer-sml-layout":"","ast-disable-related-posts":"","theme-transparent-header-meta":"default","adv-header-id-meta":"","stick-header-meta":"","header-above-stick-meta":"","header-main-stick-meta":"","header-below-stick-meta":"","astra-migrate-meta-layouts":"set","ast-page-background-enabled":"default","ast-page-background-meta":{"desktop":{"background-color":"var(--ast-global-color-4)","background-image":"","background-repeat":"repeat","background-position":"center center","background-size":"auto","background-attachment":"scroll","background-type":"","background-media":"","overlay-type":"","overlay-color":"","overlay-opacity":"","overlay-gradient":""},"tablet":{"background-color":"","background-image":"","background-repeat":"repeat","background-position":"center center","background-size":"auto","background-attachment":"scroll","background-type":"","background-media":"","overlay-type":"","overlay-color":"","overlay-opacity":"","overlay-gradient":""},"mobile":{"background-color":"","background-image":"","background-repeat":"repeat","background-position":"center center","background-size":"auto","background-attachment":"scroll","background-type":"","background-media":"","overlay-type":"","overlay-color":"","overlay-opacity":"","overlay-gradient":""}},"ast-content-background-meta":{"desktop":{"background-color":"var(--ast-global-color-5)","background-image":"","background-repeat":"repeat","background-position":"center center","background-size":"auto","background-attachment":"scroll","background-type":"","background-media":"","overlay-type":"","overlay-color":"","overlay-opacity":"","overlay-gradient":""},"tablet":{"background-color":"var(--ast-global-color-5)","background-image":"","background-repeat":"repeat","background-position":"center center","background-size":"auto","background-attachment":"scroll","background-type":"","background-media":"","overlay-type":"","overlay-color":"","overlay-opacity":"","overlay-gradient":""},"mobile":{"background-color":"var(--ast-global-color-5)","background-image":"","background-repeat":"repeat","background-position":"center center","background-size":"auto","background-attachment":"scroll","background-type":"","background-media":"","overlay-type":"","overlay-color":"","overlay-opacity":"","overlay-gradient":""}},"footnotes":""},"class_list":["post-69237","page","type-page","status-publish","has-post-thumbnail"],"acf":false,"_links":{"self":[{"href":"https:\/\/www.dimomaint.com\/latam\/wp-json\/wp\/v2\/pages\/69237","targetHints":{"allow":["GET"]}}],"collection":[{"href":"https:\/\/www.dimomaint.com\/latam\/wp-json\/wp\/v2\/pages"}],"about":[{"href":"https:\/\/www.dimomaint.com\/latam\/wp-json\/wp\/v2\/types\/page"}],"author":[{"embeddable":true,"href":"https:\/\/www.dimomaint.com\/latam\/wp-json\/wp\/v2\/users\/2"}],"replies":[{"embeddable":true,"href":"https:\/\/www.dimomaint.com\/latam\/wp-json\/wp\/v2\/comments?post=69237"}],"version-history":[{"count":0,"href":"https:\/\/www.dimomaint.com\/latam\/wp-json\/wp\/v2\/pages\/69237\/revisions"}],"up":[{"embeddable":true,"href":"https:\/\/www.dimomaint.com\/latam\/wp-json\/wp\/v2\/pages\/68366"}],"wp:featuredmedia":[{"embeddable":true,"href":"https:\/\/www.dimomaint.com\/latam\/wp-json\/wp\/v2\/media\/69895"}],"wp:attachment":[{"href":"https:\/\/www.dimomaint.com\/latam\/wp-json\/wp\/v2\/media?parent=69237"}],"curies":[{"name":"wp","href":"https:\/\/api.w.org\/{rel}","templated":true}]}}