{"id":76202,"date":"2025-02-24T11:36:00","date_gmt":"2025-02-24T10:36:00","guid":{"rendered":"https:\/\/www.dimomaint.com\/latam\/?page_id=76202"},"modified":"2025-07-02T08:21:45","modified_gmt":"2025-07-02T07:21:45","slug":"seguridad-y-confianza","status":"publish","type":"page","link":"https:\/\/www.dimomaint.com\/latam\/seguridad-y-confianza\/","title":{"rendered":"DimoMaint MX: una GMAO con certificado ISO 27001 para la seguridad de tus datos"},"content":{"rendered":"<div data-elementor-type=\"wp-page\" data-elementor-id=\"76202\" class=\"elementor elementor-76202\" data-elementor-post-type=\"page\">\n\t\t\t\t\t\t<section class=\"elementor-section elementor-top-section elementor-element elementor-element-94a1206 elementor-section-boxed elementor-section-height-default elementor-section-height-default\" data-id=\"94a1206\" data-element_type=\"section\" data-e-type=\"section\">\n\t\t\t\t\t\t<div class=\"elementor-container elementor-column-gap-default\">\n\t\t\t\t\t<div class=\"elementor-column elementor-col-100 elementor-top-column elementor-element elementor-element-e71ecbe\" data-id=\"e71ecbe\" data-element_type=\"column\" data-e-type=\"column\" data-settings='{\"background_background\":\"classic\"}'>\n\t\t\t<div class=\"elementor-widget-wrap elementor-element-populated\">\n\t\t\t\t\t\t<section class=\"elementor-section elementor-inner-section elementor-element elementor-element-d3ee034 elementor-section-boxed elementor-section-height-default elementor-section-height-default\" data-id=\"d3ee034\" data-element_type=\"section\" data-e-type=\"section\">\n\t\t\t\t\t\t<div class=\"elementor-container elementor-column-gap-wider\">\n\t\t\t\t\t<div class=\"elementor-column elementor-col-50 elementor-inner-column elementor-element elementor-element-24727a2\" data-id=\"24727a2\" data-element_type=\"column\" data-e-type=\"column\">\n\t\t\t<div class=\"elementor-widget-wrap elementor-element-populated\">\n\t\t\t\t\t\t<div class=\"elementor-element elementor-element-25041da elementor-widget elementor-widget-heading\" data-id=\"25041da\" data-element_type=\"widget\" data-e-type=\"widget\" data-widget_type=\"heading.default\">\n\t\t\t\t<div class=\"elementor-widget-container\">\n\t\t\t\t\t<h1 class=\"elementor-heading-title elementor-size-default\">DimoMaint MX: una GMAO con certificado ISO 27001 para la seguridad de tus datos<\/h1>\n\n\t\t\t\t<\/div>\n\t\t\t\t<\/div>\n\t\t\t\t<div class=\"elementor-element elementor-element-699e5ed elementor-widget elementor-widget-text-editor\" data-id=\"699e5ed\" data-element_type=\"widget\" data-e-type=\"widget\" data-widget_type=\"text-editor.default\">\n\t\t\t\t<div class=\"elementor-widget-container\">\n\t\t\t\t\t<p>En DimoMaint, la seguridad de los datos industriales est\u00e1 en el centro de nuestra estrategia de ciberseguridad.<\/p>\n\n\t\t\t\t\n\n\t\t\t\t<\/div>\n\t\t\t\t<\/div>\n\t\t\t\t\t<\/div>\n\t\t<\/div>\n\t\t\t\t<div class=\"elementor-column elementor-col-50 elementor-inner-column elementor-element elementor-element-c9da532\" data-id=\"c9da532\" data-element_type=\"column\" data-e-type=\"column\">\n\t\t\t<div class=\"elementor-widget-wrap elementor-element-populated\">\n\t\t\t\t\t\t<div class=\"elementor-element elementor-element-37c2ff9 elementor-widget elementor-widget-image\" data-id=\"37c2ff9\" data-element_type=\"widget\" data-e-type=\"widget\" data-widget_type=\"image.default\">\n\t\t\t\t<div class=\"elementor-widget-container\">\n\t\t\t\t\t<img fetchpriority=\"high\" decoding=\"async\" width=\"2516\" height=\"1334\" src=\"https:\/\/www.dimomaint.com\/latam\/wp-content\/uploads\/dimo-maint-mx-una-gmao-con-certificado-iso-27001-para-la-seguridad-de-tus-datos.svg\" class=\"attachment-full size-full wp-image-76233\" alt=\"DimoMaint MX una GMAO con certificado ISO 27001 para la seguridad de tus datos\">\t\t\t\t\t\t\t\t\t\t\t\n\n\t\t\t\t<\/div>\n\t\t\t\t<\/div>\n\t\t\t\t\t<\/div>\n\t\t<\/div>\n\t\t\t\t\t<\/div>\n\t\t<\/section>\n\t\t\t\t\t<\/div>\n\t\t<\/div>\n\t\t\t\t\t<\/div>\n\t\t<\/section>\n\t\t\t\t<section class=\"elementor-section elementor-top-section elementor-element elementor-element-7cab8b77 elementor-section-boxed elementor-section-height-default elementor-section-height-default\" data-id=\"7cab8b77\" data-element_type=\"section\" data-e-type=\"section\">\n\t\t\t\t\t\t<div class=\"elementor-container elementor-column-gap-default\">\n\t\t\t\t\t<div class=\"elementor-column elementor-col-100 elementor-top-column elementor-element elementor-element-7e947fc8\" data-id=\"7e947fc8\" data-element_type=\"column\" data-e-type=\"column\">\n\t\t\t<div class=\"elementor-widget-wrap elementor-element-populated\">\n\t\t\t\t\t\t<section class=\"elementor-section elementor-inner-section elementor-element elementor-element-53452399 elementor-section-boxed elementor-section-height-default elementor-section-height-default\" data-id=\"53452399\" data-element_type=\"section\" data-e-type=\"section\">\n\t\t\t\t\t\t<div class=\"elementor-container elementor-column-gap-default\">\n\t\t\t\t\t<div class=\"elementor-column elementor-col-50 elementor-inner-column elementor-element elementor-element-16c47930\" data-id=\"16c47930\" data-element_type=\"column\" data-e-type=\"column\">\n\t\t\t<div class=\"elementor-widget-wrap elementor-element-populated\">\n\t\t\t\t\t\t<div class=\"elementor-element elementor-element-39b4b735 elementor-widget elementor-widget-heading\" data-id=\"39b4b735\" data-element_type=\"widget\" data-e-type=\"widget\" data-widget_type=\"heading.default\">\n\t\t\t\t<div class=\"elementor-widget-container\">\n\t\t\t\t\t<h2 class=\"elementor-heading-title elementor-size-default\">Seguridad y confianza: nuestro compromiso con la protecci\u00f3n de tus datos con el certificado ISO\/IEC 27001:2022<\/h2>\n\n\t\t\t\t<\/div>\n\t\t\t\t<\/div>\n\t\t\t\t<div class=\"elementor-element elementor-element-2dfc0aee elementor-widget elementor-widget-text-editor\" data-id=\"2dfc0aee\" data-element_type=\"widget\" data-e-type=\"widget\" data-widget_type=\"text-editor.default\">\n\t\t\t\t<div class=\"elementor-widget-container\">\n\t\t\t\t\t<p>El software de mantenimiento DimoMaint MX tiene desde ahora el certificado ISO 27001, una norma internacional reconocida por la gesti\u00f3n de la seguridad de la informaci\u00f3n.<\/p>\n<p>Este certificado refleja nuestro compromiso con proteger la integridad de tus datos industriales frente a los ciberataques, garantizando la protecci\u00f3n del acceso, la confidencialidad y la integridad de tu informaci\u00f3n.<\/p>\n<p>En un contexto en que las ciberamenazas est\u00e1n en auge, velamos por ofrecerte un espacio seguro y fiable, esencial para la gesti\u00f3n y la optimizaci\u00f3n de tus actividades de mantenimiento.<\/p>\n\n\t\t\t\t\n\n\t\t\t\t<\/div>\n\t\t\t\t<\/div>\n\t\t\t\t\t<\/div>\n\t\t<\/div>\n\t\t\t\t<div class=\"elementor-column elementor-col-50 elementor-inner-column elementor-element elementor-element-23814ba9\" data-id=\"23814ba9\" data-element_type=\"column\" data-e-type=\"column\">\n\t\t\t<div class=\"elementor-widget-wrap elementor-element-populated\">\n\t\t\t\t\t\t<div class=\"elementor-element elementor-element-6083e074 elementor-widget elementor-widget-image\" data-id=\"6083e074\" data-element_type=\"widget\" data-e-type=\"widget\" data-widget_type=\"image.default\">\n\t\t\t\t<div class=\"elementor-widget-container\">\n\t\t\t\t\t<img decoding=\"async\" width=\"1603\" height=\"1631\" src=\"https:\/\/www.dimomaint.com\/latam\/wp-content\/uploads\/seguridad-y-confianza-nuestro-compromiso-con-la-proteccion-de-tus-datos-con-el-certificado-isoiec-27001-2022.svg\" class=\"attachment-full size-full wp-image-76234\" alt=\"Seguridad y confianza nuestro compromiso con la proteccio\u0301n de tus datos con el certificado ISO:IEC 27001 2022\">\t\t\t\t\t\t\t\t\t\t\t\n\n\t\t\t\t<\/div>\n\t\t\t\t<\/div>\n\t\t\t\t\t<\/div>\n\t\t<\/div>\n\t\t\t\t\t<\/div>\n\t\t<\/section>\n\t\t\t\t<section class=\"elementor-section elementor-inner-section elementor-element elementor-element-6abb705f elementor-section-boxed elementor-section-height-default elementor-section-height-default\" data-id=\"6abb705f\" data-element_type=\"section\" data-e-type=\"section\">\n\t\t\t\t\t\t<div class=\"elementor-container elementor-column-gap-default\">\n\t\t\t\t\t<div class=\"elementor-column elementor-col-100 elementor-inner-column elementor-element elementor-element-25bdb4e7\" data-id=\"25bdb4e7\" data-element_type=\"column\" data-e-type=\"column\">\n\t\t\t<div class=\"elementor-widget-wrap elementor-element-populated\">\n\t\t\t\t\t\t<div class=\"elementor-element elementor-element-89f8ba2 elementor-widget elementor-widget-image\" data-id=\"89f8ba2\" data-element_type=\"widget\" data-e-type=\"widget\" data-widget_type=\"image.default\">\n\t\t\t\t<div class=\"elementor-widget-container\">\n\t\t\t\t\t<img decoding=\"async\" width=\"235\" height=\"100\" src=\"https:\/\/www.dimomaint.com\/latam\/wp-content\/uploads\/bureau-verita-certification-iso-27001.png\" class=\"attachment-full size-full wp-image-76211\" alt=\"\">\t\t\t\t\t\t\t\t\t\t\t\n\n\t\t\t\t<\/div>\n\t\t\t\t<\/div>\n\t\t\t\t<div class=\"elementor-element elementor-element-4f99f3c5 elementor-widget elementor-widget-heading\" data-id=\"4f99f3c5\" data-element_type=\"widget\" data-e-type=\"widget\" data-widget_type=\"heading.default\">\n\t\t\t\t<div class=\"elementor-widget-container\">\n\t\t\t\t\t<h2 class=\"elementor-heading-title elementor-size-default\">El certificado ISO 27001: una garant\u00eda de confianza<\/h2>\n\n\t\t\t\t<\/div>\n\t\t\t\t<\/div>\n\t\t\t\t<div class=\"elementor-element elementor-element-2654e63c elementor-widget elementor-widget-text-editor\" data-id=\"2654e63c\" data-element_type=\"widget\" data-e-type=\"widget\" data-widget_type=\"text-editor.default\">\n\t\t\t\t<div class=\"elementor-widget-container\">\n\t\t\t\t\t<p>La norma ISO 27001 es el est\u00e1ndar mundial de seguridad de la informaci\u00f3n. Para DimoMaint MX, obtener este certificado representa una etapa clave en nuestro proceso de mejora constante. El certificado garantiza que aplicamos medidas de seguridad rigurosas a la gesti\u00f3n y a la protecci\u00f3n de datos sensibles, y que respondemos a las exigencias m\u00e1s estrictas en materia de confidencialidad, integridad y disponibilidad.<\/p>\n\n\t\t\t\t\n\n\t\t\t\t<\/div>\n\t\t\t\t<\/div>\n\t\t\t\t\t<\/div>\n\t\t<\/div>\n\t\t\t\t\t<\/div>\n\t\t<\/section>\n\t\t\t\t<section class=\"elementor-section elementor-inner-section elementor-element elementor-element-7b167f9d elementor-section-boxed elementor-section-height-default elementor-section-height-default\" data-id=\"7b167f9d\" data-element_type=\"section\" data-e-type=\"section\">\n\t\t\t\t\t\t<div class=\"elementor-container elementor-column-gap-default\">\n\t\t\t\t\t<div class=\"elementor-column elementor-col-50 elementor-inner-column elementor-element elementor-element-6597f8b4\" data-id=\"6597f8b4\" data-element_type=\"column\" data-e-type=\"column\">\n\t\t\t<div class=\"elementor-widget-wrap elementor-element-populated\">\n\t\t\t\t\t\t<div class=\"elementor-element elementor-element-3f46008a elementor-widget elementor-widget-image\" data-id=\"3f46008a\" data-element_type=\"widget\" data-e-type=\"widget\" data-widget_type=\"image.default\">\n\t\t\t\t<div class=\"elementor-widget-container\">\n\t\t\t\t\t<img loading=\"lazy\" decoding=\"async\" width=\"1258\" height=\"1307\" src=\"https:\/\/www.dimomaint.com\/latam\/wp-content\/uploads\/acompanamiento-en-cada-etapa.svg\" class=\"attachment-full size-full wp-image-76236\" alt=\"Acompan\u0303amiento en cada etapa\">\t\t\t\t\t\t\t\t\t\t\t\n\n\t\t\t\t<\/div>\n\t\t\t\t<\/div>\n\t\t\t\t\t<\/div>\n\t\t<\/div>\n\t\t\t\t<div class=\"elementor-column elementor-col-50 elementor-inner-column elementor-element elementor-element-19eec3d6\" data-id=\"19eec3d6\" data-element_type=\"column\" data-e-type=\"column\">\n\t\t\t<div class=\"elementor-widget-wrap elementor-element-populated\">\n\t\t\t\t\t\t<div class=\"elementor-element elementor-element-47a9c6de elementor-widget elementor-widget-heading\" data-id=\"47a9c6de\" data-element_type=\"widget\" data-e-type=\"widget\" data-widget_type=\"heading.default\">\n\t\t\t\t<div class=\"elementor-widget-container\">\n\t\t\t\t\t<h2 class=\"elementor-heading-title elementor-size-default\">Acompa\u00f1amiento en cada etapa<\/h2>\n\n\t\t\t\t<\/div>\n\t\t\t\t<\/div>\n\t\t\t\t<div class=\"elementor-element elementor-element-4a055fb4 elementor-widget elementor-widget-text-editor\" data-id=\"4a055fb4\" data-element_type=\"widget\" data-e-type=\"widget\" data-widget_type=\"text-editor.default\">\n\t\t\t\t<div class=\"elementor-widget-container\">\n\t\t\t\t\t<p>Sabemos que la seguridad de tus datos es crucial para la perpetuidad de tus operaciones de mantenimiento. Por eso, te acompa\u00f1amos en cada etapa de tu proyecto, desde el despliegue de DimoMaint MX hasta el uso diario de nuestra soluci\u00f3n. Nuestro planteamiento incluye:<\/p>\n<ul>\n<li>Auditor\u00edas de seguridad regulares para asegurarnos de que las pr\u00e1cticas evolucionan y respetan las normas.<\/li>\n<li>Una vigilancia constante para identificar y anticiparnos a toda amenaza potencial.<\/li>\n<li>Actualizaciones frecuentes que garantizan que tu soluci\u00f3n sigue estando a la vanguardia de las tecnolog\u00edas de protecci\u00f3n de datos.<\/li>\n<li>Un equipo de soporte consagrado a responder a todas tus preguntas de seguridad y a ayudarte a optimizar el uso de DimoMaint MX.<\/li>\n<\/ul>\n\n\t\t\t\t\n\n\t\t\t\t<\/div>\n\t\t\t\t<\/div>\n\t\t\t\t\t<\/div>\n\t\t<\/div>\n\t\t\t\t\t<\/div>\n\t\t<\/section>\n\t\t\t\t<div class=\"elementor-element elementor-element-6d62a7d7 elementor-widget elementor-widget-text-editor\" data-id=\"6d62a7d7\" data-element_type=\"widget\" data-e-type=\"widget\" data-widget_type=\"text-editor.default\">\n\t\t\t\t<div class=\"elementor-widget-container\">\n\t\t\t\t\t<p>Nuestro certificado ISO 27001 cubre un per\u00edmetro que va mucho m\u00e1s all\u00e1 del del <em>datacenter<\/em>; un per\u00edmetro que podemos calificar como estrat\u00e9gico, ya que incluye nuestros procesos de recursos humanos, I+D, inform\u00e1tica interna y log\u00edstica, as\u00ed como el alojamiento web de nuestros servicios SaaS, garantizando de este modo un alto nivel de seguridad y fiabilidad.<\/p>\n\n\t\t\t\t\n\n\t\t\t\t<\/div>\n\t\t\t\t<\/div>\n\t\t\t\t<section class=\"elementor-section elementor-inner-section elementor-element elementor-element-38838a7e elementor-section-boxed elementor-section-height-default elementor-section-height-default\" data-id=\"38838a7e\" data-element_type=\"section\" data-e-type=\"section\">\n\t\t\t\t\t\t<div class=\"elementor-container elementor-column-gap-default\">\n\t\t\t\t\t<div class=\"elementor-column elementor-col-50 elementor-inner-column elementor-element elementor-element-4681a866\" data-id=\"4681a866\" data-element_type=\"column\" data-e-type=\"column\">\n\t\t\t<div class=\"elementor-widget-wrap elementor-element-populated\">\n\t\t\t\t\t\t<div class=\"elementor-element elementor-element-6dd77cf0 elementor-widget elementor-widget-image\" data-id=\"6dd77cf0\" data-element_type=\"widget\" data-e-type=\"widget\" data-widget_type=\"image.default\">\n\t\t\t\t<div class=\"elementor-widget-container\">\n\t\t\t\t\t<img loading=\"lazy\" decoding=\"async\" width=\"1583\" height=\"1085\" src=\"https:\/\/www.dimomaint.com\/latam\/wp-content\/uploads\/confia-a-dimo-maint-la-seguridad-de-tu-gmao.svg\" class=\"attachment-full size-full wp-image-76235\" alt=\"Confi\u0301a a DimoMaint la seguridad de tu GMAO\">\t\t\t\t\t\t\t\t\t\t\t\n\n\t\t\t\t<\/div>\n\t\t\t\t<\/div>\n\t\t\t\t\t<\/div>\n\t\t<\/div>\n\t\t\t\t<div class=\"elementor-column elementor-col-50 elementor-inner-column elementor-element elementor-element-5ee24379\" data-id=\"5ee24379\" data-element_type=\"column\" data-e-type=\"column\">\n\t\t\t<div class=\"elementor-widget-wrap elementor-element-populated\">\n\t\t\t\t\t\t<div class=\"elementor-element elementor-element-82cb58a elementor-widget elementor-widget-heading\" data-id=\"82cb58a\" data-element_type=\"widget\" data-e-type=\"widget\" data-widget_type=\"heading.default\">\n\t\t\t\t<div class=\"elementor-widget-container\">\n\t\t\t\t\t<h2 class=\"elementor-heading-title elementor-size-default\">Conf\u00eda a DimoMaint la seguridad de tu GMAO<\/h2>\n\n\t\t\t\t<\/div>\n\t\t\t\t<\/div>\n\t\t\t\t<div class=\"elementor-element elementor-element-af85c47 elementor-widget elementor-widget-text-editor\" data-id=\"af85c47\" data-element_type=\"widget\" data-e-type=\"widget\" data-widget_type=\"text-editor.default\">\n\t\t\t\t<div class=\"elementor-widget-container\">\n\t\t\t\t\t<p>Nuestro objetivo es simple: ofrecerte una soluci\u00f3n de GMAO eficiente y segura que protege la informaci\u00f3n estrat\u00e9gica de tu empresa. Con el certificado ISO 27001, te garantizamos una alianza basada en la confianza digital y en la transparencia. Nuestros equipos trabajan constantemente para mantener un alto nivel de seguridad y hacer evolucionar de forma continua nuestras pr\u00e1cticas para responder mejor a tus necesidades.<\/p>\n\n\t\t\t\t\n\n\t\t\t\t<\/div>\n\t\t\t\t<\/div>\n\t\t\t\t\t<\/div>\n\t\t<\/div>\n\t\t\t\t\t<\/div>\n\t\t<\/section>\n\t\t\t\t\t<\/div>\n\t\t<\/div>\n\t\t\t\t\t<\/div>\n\t\t<\/section>\n\t\t\t\t<\/div>\n\t\t\n\n","protected":false},"excerpt":{"rendered":"<p>En DimoMaint, la seguridad de los datos industriales est\u00e1 en el centro de nuestra estrategia de ciberseguridad. Seguridad y confianza: nuestro compromiso con la protecci\u00f3n de tus datos con el certificado ISO\/IEC 27001:2022 El software de mantenimiento DimoMaint MX tiene desde ahora el certificado ISO 27001, una norma internacional reconocida por la gesti\u00f3n de la [&hellip;]<\/p>\n","protected":false},"author":2,"featured_media":76205,"parent":0,"menu_order":0,"comment_status":"closed","ping_status":"closed","template":"","meta":{"_acf_changed":false,"_seopress_robots_primary_cat":"","_seopress_titles_title":"DimoMaint MX: GMAO certificada ISO 27001 para la seguridad de tus datos","_seopress_titles_desc":"DimoMaint MX, un software de mantenimiento con el certificado ISO 27001, que garantiza la seguridad, la confidencialidad y la integridad de tus datos industriales frente a las ciberamenazas.","_seopress_robots_index":"","inline_featured_image":false,"site-sidebar-layout":"no-sidebar","site-content-layout":"page-builder","ast-site-content-layout":"full-width-container","site-content-style":"default","site-sidebar-style":"default","ast-global-header-display":"","ast-banner-title-visibility":"","ast-main-header-display":"","ast-hfb-above-header-display":"","ast-hfb-below-header-display":"","ast-hfb-mobile-header-display":"","site-post-title":"disabled","ast-breadcrumbs-content":"","ast-featured-img":"disabled","footer-sml-layout":"","ast-disable-related-posts":"","theme-transparent-header-meta":"default","adv-header-id-meta":"","stick-header-meta":"","header-above-stick-meta":"","header-main-stick-meta":"","header-below-stick-meta":"","astra-migrate-meta-layouts":"set","ast-page-background-enabled":"default","ast-page-background-meta":{"desktop":{"background-color":"var(--ast-global-color-4)","background-image":"","background-repeat":"repeat","background-position":"center center","background-size":"auto","background-attachment":"scroll","background-type":"","background-media":"","overlay-type":"","overlay-color":"","overlay-opacity":"","overlay-gradient":""},"tablet":{"background-color":"","background-image":"","background-repeat":"repeat","background-position":"center center","background-size":"auto","background-attachment":"scroll","background-type":"","background-media":"","overlay-type":"","overlay-color":"","overlay-opacity":"","overlay-gradient":""},"mobile":{"background-color":"","background-image":"","background-repeat":"repeat","background-position":"center center","background-size":"auto","background-attachment":"scroll","background-type":"","background-media":"","overlay-type":"","overlay-color":"","overlay-opacity":"","overlay-gradient":""}},"ast-content-background-meta":{"desktop":{"background-color":"var(--ast-global-color-5)","background-image":"","background-repeat":"repeat","background-position":"center center","background-size":"auto","background-attachment":"scroll","background-type":"","background-media":"","overlay-type":"","overlay-color":"","overlay-opacity":"","overlay-gradient":""},"tablet":{"background-color":"var(--ast-global-color-5)","background-image":"","background-repeat":"repeat","background-position":"center center","background-size":"auto","background-attachment":"scroll","background-type":"","background-media":"","overlay-type":"","overlay-color":"","overlay-opacity":"","overlay-gradient":""},"mobile":{"background-color":"var(--ast-global-color-5)","background-image":"","background-repeat":"repeat","background-position":"center center","background-size":"auto","background-attachment":"scroll","background-type":"","background-media":"","overlay-type":"","overlay-color":"","overlay-opacity":"","overlay-gradient":""}},"footnotes":""},"class_list":["post-76202","page","type-page","status-publish","has-post-thumbnail"],"acf":{"url_francaise":"https:\/\/www.gmao.com\/accompagnement\/securite-et-confiance\/","url_anglaise":"https:\/\/www.dimomaint.com\/security-and-trust\/","url_espagnole":"https:\/\/www.dimomaint.com\/es\/seguridad-y-confianza\/","url_allemande":"https:\/\/www.dimomaint.de\/support\/sicherheit-und-ertrauen\/"},"_links":{"self":[{"href":"https:\/\/www.dimomaint.com\/latam\/wp-json\/wp\/v2\/pages\/76202","targetHints":{"allow":["GET"]}}],"collection":[{"href":"https:\/\/www.dimomaint.com\/latam\/wp-json\/wp\/v2\/pages"}],"about":[{"href":"https:\/\/www.dimomaint.com\/latam\/wp-json\/wp\/v2\/types\/page"}],"author":[{"embeddable":true,"href":"https:\/\/www.dimomaint.com\/latam\/wp-json\/wp\/v2\/users\/2"}],"replies":[{"embeddable":true,"href":"https:\/\/www.dimomaint.com\/latam\/wp-json\/wp\/v2\/comments?post=76202"}],"version-history":[{"count":0,"href":"https:\/\/www.dimomaint.com\/latam\/wp-json\/wp\/v2\/pages\/76202\/revisions"}],"wp:featuredmedia":[{"embeddable":true,"href":"https:\/\/www.dimomaint.com\/latam\/wp-json\/wp\/v2\/media\/76205"}],"wp:attachment":[{"href":"https:\/\/www.dimomaint.com\/latam\/wp-json\/wp\/v2\/media?parent=76202"}],"curies":[{"name":"wp","href":"https:\/\/api.w.org\/{rel}","templated":true}]}}