{"id":77655,"date":"2025-05-22T09:33:30","date_gmt":"2025-05-22T08:33:30","guid":{"rendered":"https:\/\/www.dimomaint.com\/latam\/?page_id=77655"},"modified":"2025-07-07T15:12:33","modified_gmt":"2025-07-07T14:12:33","slug":"gestion-subcontratistas","status":"publish","type":"page","link":"https:\/\/www.dimomaint.com\/latam\/cmms-fm\/gestion-subcontratistas\/","title":{"rendered":"Gesti\u00f3n de subcontratistas"},"content":{"rendered":"<div data-elementor-type=\"wp-page\" data-elementor-id=\"77655\" class=\"elementor elementor-77655\" data-elementor-post-type=\"page\">\n\t\t\t\t\t\t<section class=\"elementor-section elementor-top-section elementor-element elementor-element-51c79e98 elementor-section-boxed elementor-section-height-default elementor-section-height-default\" data-id=\"51c79e98\" data-element_type=\"section\" data-e-type=\"section\">\n\t\t\t\t\t\t<div class=\"elementor-container elementor-column-gap-default\">\n\t\t\t\t\t<div class=\"elementor-column elementor-col-100 elementor-top-column elementor-element elementor-element-37e9f628\" data-id=\"37e9f628\" data-element_type=\"column\" data-e-type=\"column\" data-settings='{\"background_background\":\"classic\"}'>\n\t\t\t<div class=\"elementor-widget-wrap elementor-element-populated\">\n\t\t\t\t\t\t<section class=\"elementor-section elementor-inner-section elementor-element elementor-element-ccee4d0 elementor-section-boxed elementor-section-height-default elementor-section-height-default\" data-id=\"ccee4d0\" data-element_type=\"section\" data-e-type=\"section\">\n\t\t\t\t\t\t<div class=\"elementor-container elementor-column-gap-wider\">\n\t\t\t\t\t<div class=\"elementor-column elementor-col-50 elementor-inner-column elementor-element elementor-element-20da0675\" data-id=\"20da0675\" data-element_type=\"column\" data-e-type=\"column\">\n\t\t\t<div class=\"elementor-widget-wrap elementor-element-populated\">\n\t\t\t\t\t\t<div class=\"elementor-element elementor-element-49c1ad9f elementor-widget elementor-widget-heading\" data-id=\"49c1ad9f\" data-element_type=\"widget\" data-e-type=\"widget\" data-widget_type=\"heading.default\">\n\t\t\t\t<div class=\"elementor-widget-container\">\n\t\t\t\t\t<h1 class=\"elementor-heading-title elementor-size-default\">Gesti\u00f3n de subcontratistas<\/h1>\n\n\t\t\t\t<\/div>\n\t\t\t\t<\/div>\n\t\t\t\t<div class=\"elementor-element elementor-element-6d8ea5db elementor-widget elementor-widget-text-editor\" data-id=\"6d8ea5db\" data-element_type=\"widget\" data-e-type=\"widget\" data-widget_type=\"text-editor.default\">\n\t\t\t\t<div class=\"elementor-widget-container\">\n\t\t\t\t\t<p>Nuestro software de Facility Management optimiza el seguimiento y el intercambio de informaci\u00f3n entre los contratistas y los equipos internos.<\/p>\n\n\t\t\t\t\n\n\t\t\t\t<\/div>\n\t\t\t\t<\/div>\n\t\t\t\t<div class=\"elementor-element elementor-element-7538cfc7 elementor-mobile-align-center elementor-widget elementor-widget-button\" data-id=\"7538cfc7\" data-element_type=\"widget\" data-e-type=\"widget\" data-widget_type=\"button.default\">\n\t\t\t\t<div class=\"elementor-widget-container\">\n\t\t\t\t\t<div class=\"elementor-button-wrapper\">\n\t\t\t\t\t<a class=\"elementor-button elementor-button-link elementor-size-sm\" href=\"\/latam\/reservar-demo\/\">\n\t\t\t\t\t\t<span class=\"elementor-button-content-wrapper\">\n\t\t\t\t\t\t\t\t\t<span class=\"elementor-button-text\">Reserva una demo<\/span>\n\t\t\t\t\t<\/span>\n\t\t\t\t\t<\/a>\n\t\t\t\t<\/div>\n\t\t\t\t\n\n\t\t\t\t<\/div>\n\t\t\t\t<\/div>\n\t\t\t\t\t<\/div>\n\t\t<\/div>\n\t\t\t\t<div class=\"elementor-column elementor-col-50 elementor-inner-column elementor-element elementor-element-12f1f0c2\" data-id=\"12f1f0c2\" data-element_type=\"column\" data-e-type=\"column\">\n\t\t\t<div class=\"elementor-widget-wrap elementor-element-populated\">\n\t\t\t\t\t\t<div class=\"elementor-element elementor-element-797a70d6 elementor-widget elementor-widget-image\" data-id=\"797a70d6\" data-element_type=\"widget\" data-e-type=\"widget\" data-widget_type=\"image.default\">\n\t\t\t\t<div class=\"elementor-widget-container\">\n\t\t\t\t\t<img fetchpriority=\"high\" decoding=\"async\" width=\"742\" height=\"513\" src=\"https:\/\/www.dimomaint.com\/latam\/wp-content\/uploads\/gestion-de-subcontratistas-2.svg\" class=\"attachment-full size-full wp-image-78375\" alt=\"Gesti\u00f3n de subcontratistas\">\t\t\t\t\t\t\t\t\t\t\t\n\n\t\t\t\t<\/div>\n\t\t\t\t<\/div>\n\t\t\t\t\t<\/div>\n\t\t<\/div>\n\t\t\t\t\t<\/div>\n\t\t<\/section>\n\t\t\t\t\t<\/div>\n\t\t<\/div>\n\t\t\t\t\t<\/div>\n\t\t<\/section>\n\t\t\t\t<section class=\"elementor-section elementor-top-section elementor-element elementor-element-19d8188c elementor-section-boxed elementor-section-height-default elementor-section-height-default\" data-id=\"19d8188c\" data-element_type=\"section\" data-e-type=\"section\">\n\t\t\t\t\t\t<div class=\"elementor-container elementor-column-gap-wider\">\n\t\t\t\t\t<div class=\"elementor-column elementor-col-100 elementor-top-column elementor-element elementor-element-1a3efdfe\" data-id=\"1a3efdfe\" data-element_type=\"column\" data-e-type=\"column\">\n\t\t\t<div class=\"elementor-widget-wrap elementor-element-populated\">\n\t\t\t\t\t\t<div class=\"elementor-element elementor-element-6f644 elementor-widget elementor-widget-heading\" data-id=\"6f644\" data-element_type=\"widget\" data-e-type=\"widget\" data-widget_type=\"heading.default\">\n\t\t\t\t<div class=\"elementor-widget-container\">\n\t\t\t\t\t<h2 class=\"elementor-heading-title elementor-size-default\">Supervisa a tus contratistas con todo detalle<\/h2>\n\n\t\t\t\t<\/div>\n\t\t\t\t<\/div>\n\t\t\t\t<section class=\"elementor-section elementor-inner-section elementor-element elementor-element-3ad6d20d elementor-section-boxed elementor-section-height-default elementor-section-height-default\" data-id=\"3ad6d20d\" data-element_type=\"section\" data-e-type=\"section\">\n\t\t\t\t\t\t<div class=\"elementor-container elementor-column-gap-wider\">\n\t\t\t\t\t<div class=\"elementor-column elementor-col-50 elementor-inner-column elementor-element elementor-element-2def97ea\" data-id=\"2def97ea\" data-element_type=\"column\" data-e-type=\"column\">\n\t\t\t<div class=\"elementor-widget-wrap elementor-element-populated\">\n\t\t\t\t\t\t<div class=\"elementor-element elementor-element-1906fc3d elementor-widget elementor-widget-image\" data-id=\"1906fc3d\" data-element_type=\"widget\" data-e-type=\"widget\" data-widget_type=\"image.default\">\n\t\t\t\t<div class=\"elementor-widget-container\">\n\t\t\t\t\t<img decoding=\"async\" width=\"508\" height=\"350\" src=\"https:\/\/www.dimomaint.com\/latam\/wp-content\/uploads\/portal-para-contratistas.png\" class=\"attachment-full size-full wp-image-77666\" alt=\"Portal para contratistas\" srcset=\"https:\/\/www.dimomaint.com\/latam\/wp-content\/uploads\/portal-para-contratistas.png 508w, https:\/\/www.dimomaint.com\/latam\/wp-content\/uploads\/portal-para-contratistas-360x248.png 360w\" sizes=\"(max-width: 508px) 100vw, 508px\">\t\t\t\t\t\t\t\t\t\t\t\n\n\t\t\t\t<\/div>\n\t\t\t\t<\/div>\n\t\t\t\t\t<\/div>\n\t\t<\/div>\n\t\t\t\t<div class=\"elementor-column elementor-col-50 elementor-inner-column elementor-element elementor-element-31609d50\" data-id=\"31609d50\" data-element_type=\"column\" data-e-type=\"column\" data-settings='{\"background_background\":\"classic\"}'>\n\t\t\t<div class=\"elementor-widget-wrap elementor-element-populated\">\n\t\t\t\t\t\t<div class=\"elementor-element elementor-element-5a8daf2 elementor-widget elementor-widget-heading\" data-id=\"5a8daf2\" data-element_type=\"widget\" data-e-type=\"widget\" data-widget_type=\"heading.default\">\n\t\t\t\t<div class=\"elementor-widget-container\">\n\t\t\t\t\t<h3 class=\"elementor-heading-title elementor-size-default\">Gesti\u00f3n de presupuestos<\/h3>\n\n\t\t\t\t<\/div>\n\t\t\t\t<\/div>\n\t\t\t\t<div class=\"elementor-element elementor-element-6f999a52 elementor-widget elementor-widget-text-editor\" data-id=\"6f999a52\" data-element_type=\"widget\" data-e-type=\"widget\" data-widget_type=\"text-editor.default\">\n\t\t\t\t<div class=\"elementor-widget-container\">\n\t\t\t\t\t<p>Solicita presupuestos a los contratistas al asignar tareas, ya sea por correo electr\u00f3nico o a trav\u00e9s del portal. Gestiona los presupuestos de forma sencilla:<\/p>\n<ul>\n<li>Introduce los elementos del presupuesto enviados por los contratistas.<\/li>\n<li>A\u00f1ade archivos adjuntos.<\/li>\n<li>Aprueba o rechaza los presupuestos.<\/li>\n<li>Genera autom\u00e1ticamente una nueva l\u00ednea de coste si el presupuesto es aprobado.<\/li>\n<li>Imprime los presupuestos en formato PDF.<\/li>\n<\/ul>\n\n\t\t\t\t\n\n\t\t\t\t<\/div>\n\t\t\t\t<\/div>\n\t\t\t\t\t<\/div>\n\t\t<\/div>\n\t\t\t\t\t<\/div>\n\t\t<\/section>\n\t\t\t\t<section class=\"elementor-section elementor-inner-section elementor-element elementor-element-46047f08 elementor-section-boxed elementor-section-height-default elementor-section-height-default\" data-id=\"46047f08\" data-element_type=\"section\" data-e-type=\"section\">\n\t\t\t\t\t\t<div class=\"elementor-container elementor-column-gap-wider\">\n\t\t\t\t\t<div class=\"elementor-column elementor-col-50 elementor-inner-column elementor-element elementor-element-391803e2\" data-id=\"391803e2\" data-element_type=\"column\" data-e-type=\"column\" data-settings='{\"background_background\":\"classic\"}'>\n\t\t\t<div class=\"elementor-widget-wrap elementor-element-populated\">\n\t\t\t\t\t\t<div class=\"elementor-element elementor-element-5bfa373b elementor-widget elementor-widget-heading\" data-id=\"5bfa373b\" data-element_type=\"widget\" data-e-type=\"widget\" data-widget_type=\"heading.default\">\n\t\t\t\t<div class=\"elementor-widget-container\">\n\t\t\t\t\t<h3 class=\"elementor-heading-title elementor-size-default\">Portal para contratistas<\/h3>\n\n\t\t\t\t<\/div>\n\t\t\t\t<\/div>\n\t\t\t\t<div class=\"elementor-element elementor-element-1a90d888 elementor-hidden-desktop elementor-hidden-tablet elementor-widget elementor-widget-image\" data-id=\"1a90d888\" data-element_type=\"widget\" data-e-type=\"widget\" data-widget_type=\"image.default\">\n\t\t\t\t<div class=\"elementor-widget-container\">\n\t\t\t\t\t<img decoding=\"async\" width=\"350\" height=\"211\" src=\"https:\/\/www.dimomaint.com\/latam\/wp-content\/uploads\/gestion-de-presupuestos.png\" class=\"attachment-full size-full wp-image-77667\" alt=\"Gestio\u0301n de presupuestos\">\t\t\t\t\t\t\t\t\t\t\t\n\n\t\t\t\t<\/div>\n\t\t\t\t<\/div>\n\t\t\t\t<div class=\"elementor-element elementor-element-101b1188 elementor-widget elementor-widget-text-editor\" data-id=\"101b1188\" data-element_type=\"widget\" data-e-type=\"widget\" data-widget_type=\"text-editor.default\">\n\t\t\t\t<div class=\"elementor-widget-container\">\n\t\t\t\t\t<p>Ofrece a tus contratistas acceso a un portal dedicado o a la aplicaci\u00f3n m\u00f3vil para mejorar:<\/p>\n<ul>\n<li>La gesti\u00f3n de trabajos programados y correctivos.<\/li>\n<li>Las respuestas a solicitudes de presupuesto.<\/li>\n<li>El seguimiento de tareas.<\/li>\n<li>La incorporaci\u00f3n de informes y fotos.<\/li>\n<li>El control de los tiempos de desplazamiento y ejecuci\u00f3n de trabajos.<\/li>\n<li>La introducci\u00f3n de costes y la subida de facturas.<\/li>\n<\/ul>\n\n\t\t\t\t\n\n\t\t\t\t<\/div>\n\t\t\t\t<\/div>\n\t\t\t\t\t<\/div>\n\t\t<\/div>\n\t\t\t\t<div class=\"elementor-column elementor-col-50 elementor-inner-column elementor-element elementor-element-7a29ae8c\" data-id=\"7a29ae8c\" data-element_type=\"column\" data-e-type=\"column\">\n\t\t\t<div class=\"elementor-widget-wrap elementor-element-populated\">\n\t\t\t\t\t\t<div class=\"elementor-element elementor-element-86c9e27 elementor-hidden-mobile elementor-widget elementor-widget-image\" data-id=\"86c9e27\" data-element_type=\"widget\" data-e-type=\"widget\" data-widget_type=\"image.default\">\n\t\t\t\t<div class=\"elementor-widget-container\">\n\t\t\t\t\t<img decoding=\"async\" width=\"350\" height=\"211\" src=\"https:\/\/www.dimomaint.com\/latam\/wp-content\/uploads\/gestion-de-presupuestos.png\" class=\"attachment-full size-full wp-image-77667\" alt=\"Gestio\u0301n de presupuestos\">\t\t\t\t\t\t\t\t\t\t\t\n\n\t\t\t\t<\/div>\n\t\t\t\t<\/div>\n\t\t\t\t\t<\/div>\n\t\t<\/div>\n\t\t\t\t\t<\/div>\n\t\t<\/section>\n\t\t\t\t\t<\/div>\n\t\t<\/div>\n\t\t\t\t\t<\/div>\n\t\t<\/section>\n\t\t\t\t<section class=\"elementor-section elementor-top-section elementor-element elementor-element-22e64bc1 elementor-section-boxed elementor-section-height-default elementor-section-height-default\" data-id=\"22e64bc1\" data-element_type=\"section\" data-e-type=\"section\">\n\t\t\t\t\t\t<div class=\"elementor-container elementor-column-gap-default\">\n\t\t\t\t\t<div class=\"elementor-column elementor-col-100 elementor-top-column elementor-element elementor-element-240df119\" data-id=\"240df119\" data-element_type=\"column\" data-e-type=\"column\">\n\t\t\t<div class=\"elementor-widget-wrap elementor-element-populated\">\n\t\t\t\t\t\t<div class=\"elementor-element elementor-element-7e3795c elementor-widget elementor-widget-heading\" data-id=\"7e3795c\" data-element_type=\"widget\" data-e-type=\"widget\" data-widget_type=\"heading.default\">\n\t\t\t\t<div class=\"elementor-widget-container\">\n\t\t\t\t\t<h2 class=\"elementor-heading-title elementor-size-default\">Descubre las principales funciones de DimoMaint FM<\/h2>\n\n\t\t\t\t<\/div>\n\t\t\t\t<\/div>\n\t\t\t\t<section class=\"elementor-section elementor-inner-section elementor-element elementor-element-27b7e4fc elementor-section-boxed elementor-section-height-default elementor-section-height-default\" data-id=\"27b7e4fc\" data-element_type=\"section\" data-e-type=\"section\">\n\t\t\t\t\t\t<div class=\"elementor-container elementor-column-gap-default\">\n\t\t\t\t\t<div class=\"elementor-column elementor-col-100 elementor-inner-column elementor-element elementor-element-4e0777fa\" data-id=\"4e0777fa\" data-element_type=\"column\" data-e-type=\"column\">\n\t\t\t<div class=\"elementor-widget-wrap elementor-element-populated\">\n\t\t\t\t\t\t<div class=\"elementor-element elementor-element-55453b2b elementor-nav-menu__align-center elementor-nav-menu--dropdown-mobile elementor-nav-menu__text-align-center menu-aller-plus-loin-bleu elementor-nav-menu--toggle elementor-nav-menu--burger elementor-widget elementor-widget-nav-menu\" data-id=\"55453b2b\" data-element_type=\"widget\" data-e-type=\"widget\" data-settings='{\"layout\":\"horizontal\",\"submenu_icon\":{\"value\":\"&lt;i class=\\\"fas fa-caret-down\\\" aria-hidden=\\\"true\\\"&gt;&lt;\\\/i&gt;\",\"library\":\"fa-solid\"},\"toggle\":\"burger\"}' data-widget_type=\"nav-menu.default\">\n\t\t\t\t<div class=\"elementor-widget-container\">\n\t\t\t\t\t<nav aria-label=\"Menu\" class=\"elementor-nav-menu--main elementor-nav-menu__container elementor-nav-menu--layout-horizontal e--pointer-background e--animation-fade\">\n\t\t\t\t<ul id=\"menu-1-55453b2b\" class=\"elementor-nav-menu\"><li class=\"menu-item menu-item-type-post_type menu-item-object-page menu-item-77733\"><a href=\"https:\/\/www.dimomaint.com\/latam\/cmms-fm\/gestion-recintos\/\" class=\"elementor-item menu-link\">Gesti\u00f3n de recintos<\/a><\/li>\n<li class=\"menu-item menu-item-type-post_type menu-item-object-page menu-item-77734\"><a href=\"https:\/\/www.dimomaint.com\/latam\/cmms-fm\/gestion-subcontratistas\/\" class=\"elementor-item menu-link\">Gesti\u00f3n de subcontratistas<\/a><\/li>\n<li class=\"menu-item menu-item-type-post_type menu-item-object-page menu-item-77735\"><a href=\"https:\/\/www.dimomaint.com\/latam\/cmms-fm\/gestion-ordenes-de-trabajo\/\" class=\"elementor-item menu-link\">Gesti\u00f3n de \u00f3rdenes de trabajo<\/a><\/li>\n<li class=\"menu-item menu-item-type-post_type menu-item-object-page menu-item-77736\"><a href=\"https:\/\/www.dimomaint.com\/latam\/cmms-fm\/formularios-personalizados\/\" class=\"elementor-item menu-link\">Formularios Personalizados<\/a><\/li>\n<li class=\"menu-item menu-item-type-post_type menu-item-object-page menu-item-77737\"><a href=\"https:\/\/www.dimomaint.com\/latam\/cmms-fm\/kpis-analisis\/\" class=\"elementor-item menu-link\">Indicadores clave de rendimiento (KPIs)<\/a><\/li>\n<\/ul>\t\t\t<\/nav>\n\t\t\t\t\t<div class=\"elementor-menu-toggle\" role=\"button\" tabindex=\"0\" aria-label=\"Menu Toggle\" aria-expanded=\"false\">\n\t\t\t<i aria-hidden=\"true\" role=\"presentation\" class=\"elementor-menu-toggle__icon--open eicon-menu-bar\"><\/i><i aria-hidden=\"true\" role=\"presentation\" class=\"elementor-menu-toggle__icon--close eicon-close\"><\/i>\t\t<\/div>\n\t\t\t\t\t<nav class=\"elementor-nav-menu--dropdown elementor-nav-menu__container\" aria-hidden=\"true\">\n\t\t\t\t<ul id=\"menu-2-55453b2b\" class=\"elementor-nav-menu\"><li class=\"menu-item menu-item-type-post_type menu-item-object-page menu-item-77733\"><a href=\"https:\/\/www.dimomaint.com\/latam\/cmms-fm\/gestion-recintos\/\" class=\"elementor-item menu-link\" tabindex=\"-1\">Gesti\u00f3n de recintos<\/a><\/li>\n<li class=\"menu-item menu-item-type-post_type menu-item-object-page menu-item-77734\"><a href=\"https:\/\/www.dimomaint.com\/latam\/cmms-fm\/gestion-subcontratistas\/\" class=\"elementor-item menu-link\" tabindex=\"-1\">Gesti\u00f3n de subcontratistas<\/a><\/li>\n<li class=\"menu-item menu-item-type-post_type menu-item-object-page menu-item-77735\"><a href=\"https:\/\/www.dimomaint.com\/latam\/cmms-fm\/gestion-ordenes-de-trabajo\/\" class=\"elementor-item menu-link\" tabindex=\"-1\">Gesti\u00f3n de \u00f3rdenes de trabajo<\/a><\/li>\n<li class=\"menu-item menu-item-type-post_type menu-item-object-page menu-item-77736\"><a href=\"https:\/\/www.dimomaint.com\/latam\/cmms-fm\/formularios-personalizados\/\" class=\"elementor-item menu-link\" tabindex=\"-1\">Formularios Personalizados<\/a><\/li>\n<li class=\"menu-item menu-item-type-post_type menu-item-object-page menu-item-77737\"><a href=\"https:\/\/www.dimomaint.com\/latam\/cmms-fm\/kpis-analisis\/\" class=\"elementor-item menu-link\" tabindex=\"-1\">Indicadores clave de rendimiento (KPIs)<\/a><\/li>\n<\/ul>\t\t\t<\/nav>\n\t\t\n\n\t\t\t\t<\/div>\n\t\t\t\t<\/div>\n\t\t\t\t\t<\/div>\n\t\t<\/div>\n\t\t\t\t\t<\/div>\n\t\t<\/section>\n\t\t\t\t\t<\/div>\n\t\t<\/div>\n\t\t\t\t\t<\/div>\n\t\t<\/section>\n\t\t\t\t<\/div>\n\t\t\n\n","protected":false},"excerpt":{"rendered":"<p>Nuestro software de Facility Management optimiza el seguimiento y el intercambio de informaci\u00f3n entre los contratistas y los equipos internos. Reserva una demo Supervisa a tus contratistas con todo detalle Gesti\u00f3n de presupuestos Solicita presupuestos a los contratistas al asignar tareas, ya sea por correo electr\u00f3nico o a trav\u00e9s del portal. Gestiona los presupuestos de [&hellip;]<\/p>\n","protected":false},"author":2,"featured_media":78064,"parent":71175,"menu_order":0,"comment_status":"closed","ping_status":"closed","template":"","meta":{"_acf_changed":false,"_seopress_robots_primary_cat":"","_seopress_titles_title":"Gesti\u00f3n eficiente de subcontratistas con el software DimoMaint FM","_seopress_titles_desc":"Facilita la colaboraci\u00f3n con subcontratistas gracias a DimoMaint FM. Supervisa las interacciones, gestiona presupuestos y otorga acceso al portal para garantizar trabajos sin complicaciones.","_seopress_robots_index":"","inline_featured_image":false,"site-sidebar-layout":"no-sidebar","site-content-layout":"page-builder","ast-site-content-layout":"full-width-container","site-content-style":"default","site-sidebar-style":"default","ast-global-header-display":"","ast-banner-title-visibility":"","ast-main-header-display":"","ast-hfb-above-header-display":"","ast-hfb-below-header-display":"","ast-hfb-mobile-header-display":"","site-post-title":"disabled","ast-breadcrumbs-content":"","ast-featured-img":"disabled","footer-sml-layout":"","ast-disable-related-posts":"","theme-transparent-header-meta":"default","adv-header-id-meta":"","stick-header-meta":"","header-above-stick-meta":"","header-main-stick-meta":"","header-below-stick-meta":"","astra-migrate-meta-layouts":"set","ast-page-background-enabled":"default","ast-page-background-meta":{"desktop":{"background-color":"var(--ast-global-color-4)","background-image":"","background-repeat":"repeat","background-position":"center center","background-size":"auto","background-attachment":"scroll","background-type":"","background-media":"","overlay-type":"","overlay-color":"","overlay-opacity":"","overlay-gradient":""},"tablet":{"background-color":"","background-image":"","background-repeat":"repeat","background-position":"center center","background-size":"auto","background-attachment":"scroll","background-type":"","background-media":"","overlay-type":"","overlay-color":"","overlay-opacity":"","overlay-gradient":""},"mobile":{"background-color":"","background-image":"","background-repeat":"repeat","background-position":"center center","background-size":"auto","background-attachment":"scroll","background-type":"","background-media":"","overlay-type":"","overlay-color":"","overlay-opacity":"","overlay-gradient":""}},"ast-content-background-meta":{"desktop":{"background-color":"var(--ast-global-color-5)","background-image":"","background-repeat":"repeat","background-position":"center center","background-size":"auto","background-attachment":"scroll","background-type":"","background-media":"","overlay-type":"","overlay-color":"","overlay-opacity":"","overlay-gradient":""},"tablet":{"background-color":"var(--ast-global-color-5)","background-image":"","background-repeat":"repeat","background-position":"center center","background-size":"auto","background-attachment":"scroll","background-type":"","background-media":"","overlay-type":"","overlay-color":"","overlay-opacity":"","overlay-gradient":""},"mobile":{"background-color":"var(--ast-global-color-5)","background-image":"","background-repeat":"repeat","background-position":"center center","background-size":"auto","background-attachment":"scroll","background-type":"","background-media":"","overlay-type":"","overlay-color":"","overlay-opacity":"","overlay-gradient":""}},"footnotes":""},"class_list":["post-77655","page","type-page","status-publish","has-post-thumbnail"],"acf":{"url_francaise":"","url_anglaise":"https:\/\/www.dimomaint.com\/cafm-features\/contractors-management\/","url_espagnole":"https:\/\/www.dimomaint.com\/es\/cmms-fm\/gestion-subcontratistas\/","url_allemande":""},"_links":{"self":[{"href":"https:\/\/www.dimomaint.com\/latam\/wp-json\/wp\/v2\/pages\/77655","targetHints":{"allow":["GET"]}}],"collection":[{"href":"https:\/\/www.dimomaint.com\/latam\/wp-json\/wp\/v2\/pages"}],"about":[{"href":"https:\/\/www.dimomaint.com\/latam\/wp-json\/wp\/v2\/types\/page"}],"author":[{"embeddable":true,"href":"https:\/\/www.dimomaint.com\/latam\/wp-json\/wp\/v2\/users\/2"}],"replies":[{"embeddable":true,"href":"https:\/\/www.dimomaint.com\/latam\/wp-json\/wp\/v2\/comments?post=77655"}],"version-history":[{"count":0,"href":"https:\/\/www.dimomaint.com\/latam\/wp-json\/wp\/v2\/pages\/77655\/revisions"}],"up":[{"embeddable":true,"href":"https:\/\/www.dimomaint.com\/latam\/wp-json\/wp\/v2\/pages\/71175"}],"wp:featuredmedia":[{"embeddable":true,"href":"https:\/\/www.dimomaint.com\/latam\/wp-json\/wp\/v2\/media\/78064"}],"wp:attachment":[{"href":"https:\/\/www.dimomaint.com\/latam\/wp-json\/wp\/v2\/media?parent=77655"}],"curies":[{"name":"wp","href":"https:\/\/api.w.org\/{rel}","templated":true}]}}