{"id":77718,"date":"2025-05-22T10:14:29","date_gmt":"2025-05-22T09:14:29","guid":{"rendered":"https:\/\/www.dimomaint.com\/latam\/?page_id=77718"},"modified":"2025-07-07T15:14:11","modified_gmt":"2025-07-07T14:14:11","slug":"formularios-personalizados","status":"publish","type":"page","link":"https:\/\/www.dimomaint.com\/latam\/cmms-fm\/formularios-personalizados\/","title":{"rendered":"Formularios Personalizados"},"content":{"rendered":"<div data-elementor-type=\"wp-page\" data-elementor-id=\"77718\" class=\"elementor elementor-77718\" data-elementor-post-type=\"page\">\n\t\t\t\t\t\t<section class=\"elementor-section elementor-top-section elementor-element elementor-element-4dd55b01 elementor-section-boxed elementor-section-height-default elementor-section-height-default\" data-id=\"4dd55b01\" data-element_type=\"section\" data-e-type=\"section\">\n\t\t\t\t\t\t<div class=\"elementor-container elementor-column-gap-default\">\n\t\t\t\t\t<div class=\"elementor-column elementor-col-100 elementor-top-column elementor-element elementor-element-6fc74c9e\" data-id=\"6fc74c9e\" data-element_type=\"column\" data-e-type=\"column\" data-settings='{\"background_background\":\"classic\"}'>\n\t\t\t<div class=\"elementor-widget-wrap elementor-element-populated\">\n\t\t\t\t\t\t<section class=\"elementor-section elementor-inner-section elementor-element elementor-element-f82a611 elementor-section-boxed elementor-section-height-default elementor-section-height-default\" data-id=\"f82a611\" data-element_type=\"section\" data-e-type=\"section\">\n\t\t\t\t\t\t<div class=\"elementor-container elementor-column-gap-wider\">\n\t\t\t\t\t<div class=\"elementor-column elementor-col-50 elementor-inner-column elementor-element elementor-element-408cd92b\" data-id=\"408cd92b\" data-element_type=\"column\" data-e-type=\"column\">\n\t\t\t<div class=\"elementor-widget-wrap elementor-element-populated\">\n\t\t\t\t\t\t<div class=\"elementor-element elementor-element-70800ea6 elementor-widget elementor-widget-heading\" data-id=\"70800ea6\" data-element_type=\"widget\" data-e-type=\"widget\" data-widget_type=\"heading.default\">\n\t\t\t\t<div class=\"elementor-widget-container\">\n\t\t\t\t\t<h1 class=\"elementor-heading-title elementor-size-default\">Formularios Personalizados<\/h1>\n\n\t\t\t\t<\/div>\n\t\t\t\t<\/div>\n\t\t\t\t<div class=\"elementor-element elementor-element-213982f2 elementor-widget elementor-widget-text-editor\" data-id=\"213982f2\" data-element_type=\"widget\" data-e-type=\"widget\" data-widget_type=\"text-editor.default\">\n\t\t\t\t<div class=\"elementor-widget-container\">\n\t\t\t\t\t<p>Preparar formularios facilita el flujo de informaci\u00f3n y mejora la comunicaci\u00f3n entre todos los involucrados. Util\u00edzalos sin l\u00edmites.<\/p>\n\n\t\t\t\t\n\n\t\t\t\t<\/div>\n\t\t\t\t<\/div>\n\t\t\t\t<div class=\"elementor-element elementor-element-37ee8cf5 elementor-mobile-align-center elementor-widget elementor-widget-button\" data-id=\"37ee8cf5\" data-element_type=\"widget\" data-e-type=\"widget\" data-widget_type=\"button.default\">\n\t\t\t\t<div class=\"elementor-widget-container\">\n\t\t\t\t\t<div class=\"elementor-button-wrapper\">\n\t\t\t\t\t<a class=\"elementor-button elementor-button-link elementor-size-sm\" href=\"\/latam\/reservar-demo\/\">\n\t\t\t\t\t\t<span class=\"elementor-button-content-wrapper\">\n\t\t\t\t\t\t\t\t\t<span class=\"elementor-button-text\">Reserva una demo<\/span>\n\t\t\t\t\t<\/span>\n\t\t\t\t\t<\/a>\n\t\t\t\t<\/div>\n\t\t\t\t\n\n\t\t\t\t<\/div>\n\t\t\t\t<\/div>\n\t\t\t\t\t<\/div>\n\t\t<\/div>\n\t\t\t\t<div class=\"elementor-column elementor-col-50 elementor-inner-column elementor-element elementor-element-48fb31c3\" data-id=\"48fb31c3\" data-element_type=\"column\" data-e-type=\"column\">\n\t\t\t<div class=\"elementor-widget-wrap elementor-element-populated\">\n\t\t\t\t\t\t<div class=\"elementor-element elementor-element-10543100 elementor-widget elementor-widget-image\" data-id=\"10543100\" data-element_type=\"widget\" data-e-type=\"widget\" data-widget_type=\"image.default\">\n\t\t\t\t<div class=\"elementor-widget-container\">\n\t\t\t\t\t<img fetchpriority=\"high\" decoding=\"async\" width=\"763\" height=\"703\" src=\"https:\/\/www.dimomaint.com\/latam\/wp-content\/uploads\/formularios-personnalizados.svg\" class=\"attachment-full size-full wp-image-78383\" alt=\"formularios personnalizados\">\t\t\t\t\t\t\t\t\t\t\t\n\n\t\t\t\t<\/div>\n\t\t\t\t<\/div>\n\t\t\t\t\t<\/div>\n\t\t<\/div>\n\t\t\t\t\t<\/div>\n\t\t<\/section>\n\t\t\t\t\t<\/div>\n\t\t<\/div>\n\t\t\t\t\t<\/div>\n\t\t<\/section>\n\t\t\t\t<section class=\"elementor-section elementor-top-section elementor-element elementor-element-467b93a0 elementor-section-boxed elementor-section-height-default elementor-section-height-default\" data-id=\"467b93a0\" data-element_type=\"section\" data-e-type=\"section\">\n\t\t\t\t\t\t<div class=\"elementor-container elementor-column-gap-wider\">\n\t\t\t\t\t<div class=\"elementor-column elementor-col-100 elementor-top-column elementor-element elementor-element-3361bb01\" data-id=\"3361bb01\" data-element_type=\"column\" data-e-type=\"column\">\n\t\t\t<div class=\"elementor-widget-wrap elementor-element-populated\">\n\t\t\t\t\t\t<section class=\"elementor-section elementor-inner-section elementor-element elementor-element-16f4568f elementor-section-boxed elementor-section-height-default elementor-section-height-default\" data-id=\"16f4568f\" data-element_type=\"section\" data-e-type=\"section\">\n\t\t\t\t\t\t<div class=\"elementor-container elementor-column-gap-wider\">\n\t\t\t\t\t<div class=\"elementor-column elementor-col-50 elementor-inner-column elementor-element elementor-element-3b32b61a\" data-id=\"3b32b61a\" data-element_type=\"column\" data-e-type=\"column\">\n\t\t\t<div class=\"elementor-widget-wrap elementor-element-populated\">\n\t\t\t\t\t\t<div class=\"elementor-element elementor-element-1faa9794 elementor-hidden-mobile elementor-widget elementor-widget-image\" data-id=\"1faa9794\" data-element_type=\"widget\" data-e-type=\"widget\" data-widget_type=\"image.default\">\n\t\t\t\t<div class=\"elementor-widget-container\">\n\t\t\t\t\t<img decoding=\"async\" width=\"404\" height=\"515\" src=\"https:\/\/www.dimomaint.com\/latam\/wp-content\/uploads\/crea-y-configura-formularios-personalizados.png\" class=\"attachment-full size-full wp-image-77728\" alt=\"Crea y configura formularios personalizados\" srcset=\"https:\/\/www.dimomaint.com\/latam\/wp-content\/uploads\/crea-y-configura-formularios-personalizados.png 404w, https:\/\/www.dimomaint.com\/latam\/wp-content\/uploads\/crea-y-configura-formularios-personalizados-360x459.png 360w\" sizes=\"(max-width: 404px) 100vw, 404px\">\t\t\t\t\t\t\t\t\t\t\t\n\n\t\t\t\t<\/div>\n\t\t\t\t<\/div>\n\t\t\t\t\t<\/div>\n\t\t<\/div>\n\t\t\t\t<div class=\"elementor-column elementor-col-50 elementor-inner-column elementor-element elementor-element-1cbb48e4\" data-id=\"1cbb48e4\" data-element_type=\"column\" data-e-type=\"column\" data-settings='{\"background_background\":\"classic\"}'>\n\t\t\t<div class=\"elementor-widget-wrap elementor-element-populated\">\n\t\t\t\t\t\t<div class=\"elementor-element elementor-element-33f58b8 elementor-widget elementor-widget-heading\" data-id=\"33f58b8\" data-element_type=\"widget\" data-e-type=\"widget\" data-widget_type=\"heading.default\">\n\t\t\t\t<div class=\"elementor-widget-container\">\n\t\t\t\t\t<h2 class=\"elementor-heading-title elementor-size-default\">Crea y configura formularios personalizados<\/h2>\n\n\t\t\t\t<\/div>\n\t\t\t\t<\/div>\n\t\t\t\t<div class=\"elementor-element elementor-element-29838d50 elementor-hidden-desktop elementor-hidden-tablet elementor-widget elementor-widget-image\" data-id=\"29838d50\" data-element_type=\"widget\" data-e-type=\"widget\" data-widget_type=\"image.default\">\n\t\t\t\t<div class=\"elementor-widget-container\">\n\t\t\t\t\t<img decoding=\"async\" width=\"404\" height=\"515\" src=\"https:\/\/www.dimomaint.com\/latam\/wp-content\/uploads\/crea-y-configura-formularios-personalizados.png\" class=\"attachment-full size-full wp-image-77728\" alt=\"Crea y configura formularios personalizados\" srcset=\"https:\/\/www.dimomaint.com\/latam\/wp-content\/uploads\/crea-y-configura-formularios-personalizados.png 404w, https:\/\/www.dimomaint.com\/latam\/wp-content\/uploads\/crea-y-configura-formularios-personalizados-360x459.png 360w\" sizes=\"(max-width: 404px) 100vw, 404px\">\t\t\t\t\t\t\t\t\t\t\t\n\n\t\t\t\t<\/div>\n\t\t\t\t<\/div>\n\t\t\t\t<div class=\"elementor-element elementor-element-31ba7b14 elementor-widget elementor-widget-text-editor\" data-id=\"31ba7b14\" data-element_type=\"widget\" data-e-type=\"widget\" data-widget_type=\"text-editor.default\">\n\t\t\t\t<div class=\"elementor-widget-container\">\n\t\t\t\t\t<p><strong>Personaliza formularios para equipos, sitios, intervenciones o solicitudes.<\/strong><\/p>\n<p><strong>Dise\u00f1a tus propios formularios electr\u00f3nicos para:<\/strong><\/p>\n<ul>\n<li>Inspecciones.<\/li>\n<li>Listas de verificaci\u00f3n.<\/li>\n<li>Permisos de trabajo.<\/li>\n<li>Evaluaciones de riesgos.<\/li>\n<li>Lectura de medidores.<\/li>\n<li>Salud y seguridad.<\/li>\n<li>Encuestas.<\/li>\n<\/ul>\n<p>\u00a0<\/p>\n<p><strong>Configura tus formularios<\/strong> con preguntas condicionales, secciones o flujos de trabajo.<\/p>\n<p><strong>As\u00f3cialos <\/strong>a tu mantenimiento programado o acciones correctivas.<\/p>\n<p><strong>Publ\u00edcalos<\/strong> en la biblioteca de formularios. Todos los resultados pueden ser visualizados y descargados.<\/p>\n<p>\u00a0<strong>Accede<\/strong> a los formularios desde la app m\u00f3vil y mant\u00e9n el control en cualquier momento y lugar.<\/p>\n\n\t\t\t\t\n\n\t\t\t\t<\/div>\n\t\t\t\t<\/div>\n\t\t\t\t\t<\/div>\n\t\t<\/div>\n\t\t\t\t\t<\/div>\n\t\t<\/section>\n\t\t\t\t\t<\/div>\n\t\t<\/div>\n\t\t\t\t\t<\/div>\n\t\t<\/section>\n\t\t\t\t<section class=\"elementor-section elementor-top-section elementor-element elementor-element-44472fa9 elementor-section-boxed elementor-section-height-default elementor-section-height-default\" data-id=\"44472fa9\" data-element_type=\"section\" data-e-type=\"section\">\n\t\t\t\t\t\t<div class=\"elementor-container elementor-column-gap-default\">\n\t\t\t\t\t<div class=\"elementor-column elementor-col-100 elementor-top-column elementor-element elementor-element-11988e69\" data-id=\"11988e69\" data-element_type=\"column\" data-e-type=\"column\">\n\t\t\t<div class=\"elementor-widget-wrap elementor-element-populated\">\n\t\t\t\t\t\t<div class=\"elementor-element elementor-element-68855b9 elementor-widget elementor-widget-heading\" data-id=\"68855b9\" data-element_type=\"widget\" data-e-type=\"widget\" data-widget_type=\"heading.default\">\n\t\t\t\t<div class=\"elementor-widget-container\">\n\t\t\t\t\t<h2 class=\"elementor-heading-title elementor-size-default\">Descubre las principales funciones de DimoMaint FM<\/h2>\n\n\t\t\t\t<\/div>\n\t\t\t\t<\/div>\n\t\t\t\t<section class=\"elementor-section elementor-inner-section elementor-element elementor-element-3232e20d elementor-section-boxed elementor-section-height-default elementor-section-height-default\" data-id=\"3232e20d\" data-element_type=\"section\" data-e-type=\"section\">\n\t\t\t\t\t\t<div class=\"elementor-container elementor-column-gap-default\">\n\t\t\t\t\t<div class=\"elementor-column elementor-col-100 elementor-inner-column elementor-element elementor-element-5acbc3a5\" data-id=\"5acbc3a5\" data-element_type=\"column\" data-e-type=\"column\">\n\t\t\t<div class=\"elementor-widget-wrap elementor-element-populated\">\n\t\t\t\t\t\t<div class=\"elementor-element elementor-element-2eb1ba3 elementor-nav-menu__align-center elementor-nav-menu--dropdown-mobile elementor-nav-menu__text-align-center menu-aller-plus-loin-bleu elementor-nav-menu--toggle elementor-nav-menu--burger elementor-widget elementor-widget-nav-menu\" data-id=\"2eb1ba3\" data-element_type=\"widget\" data-e-type=\"widget\" data-settings='{\"layout\":\"horizontal\",\"submenu_icon\":{\"value\":\"&lt;i class=\\\"fas fa-caret-down\\\" aria-hidden=\\\"true\\\"&gt;&lt;\\\/i&gt;\",\"library\":\"fa-solid\"},\"toggle\":\"burger\"}' data-widget_type=\"nav-menu.default\">\n\t\t\t\t<div class=\"elementor-widget-container\">\n\t\t\t\t\t<nav aria-label=\"Menu\" class=\"elementor-nav-menu--main elementor-nav-menu__container elementor-nav-menu--layout-horizontal e--pointer-background e--animation-fade\">\n\t\t\t\t<ul id=\"menu-1-2eb1ba3\" class=\"elementor-nav-menu\"><li class=\"menu-item menu-item-type-post_type menu-item-object-page menu-item-77733\"><a href=\"https:\/\/www.dimomaint.com\/latam\/cmms-fm\/gestion-recintos\/\" class=\"elementor-item menu-link\">Gesti\u00f3n de recintos<\/a><\/li>\n<li class=\"menu-item menu-item-type-post_type menu-item-object-page menu-item-77734\"><a href=\"https:\/\/www.dimomaint.com\/latam\/cmms-fm\/gestion-subcontratistas\/\" class=\"elementor-item menu-link\">Gesti\u00f3n de subcontratistas<\/a><\/li>\n<li class=\"menu-item menu-item-type-post_type menu-item-object-page menu-item-77735\"><a href=\"https:\/\/www.dimomaint.com\/latam\/cmms-fm\/gestion-ordenes-de-trabajo\/\" class=\"elementor-item menu-link\">Gesti\u00f3n de \u00f3rdenes de trabajo<\/a><\/li>\n<li class=\"menu-item menu-item-type-post_type menu-item-object-page menu-item-77736\"><a href=\"https:\/\/www.dimomaint.com\/latam\/cmms-fm\/formularios-personalizados\/\" class=\"elementor-item menu-link\">Formularios Personalizados<\/a><\/li>\n<li class=\"menu-item menu-item-type-post_type menu-item-object-page menu-item-77737\"><a href=\"https:\/\/www.dimomaint.com\/latam\/cmms-fm\/kpis-analisis\/\" class=\"elementor-item menu-link\">Indicadores clave de rendimiento (KPIs)<\/a><\/li>\n<\/ul>\t\t\t<\/nav>\n\t\t\t\t\t<div class=\"elementor-menu-toggle\" role=\"button\" tabindex=\"0\" aria-label=\"Menu Toggle\" aria-expanded=\"false\">\n\t\t\t<i aria-hidden=\"true\" role=\"presentation\" class=\"elementor-menu-toggle__icon--open eicon-menu-bar\"><\/i><i aria-hidden=\"true\" role=\"presentation\" class=\"elementor-menu-toggle__icon--close eicon-close\"><\/i>\t\t<\/div>\n\t\t\t\t\t<nav class=\"elementor-nav-menu--dropdown elementor-nav-menu__container\" aria-hidden=\"true\">\n\t\t\t\t<ul id=\"menu-2-2eb1ba3\" class=\"elementor-nav-menu\"><li class=\"menu-item menu-item-type-post_type menu-item-object-page menu-item-77733\"><a href=\"https:\/\/www.dimomaint.com\/latam\/cmms-fm\/gestion-recintos\/\" class=\"elementor-item menu-link\" tabindex=\"-1\">Gesti\u00f3n de recintos<\/a><\/li>\n<li class=\"menu-item menu-item-type-post_type menu-item-object-page menu-item-77734\"><a href=\"https:\/\/www.dimomaint.com\/latam\/cmms-fm\/gestion-subcontratistas\/\" class=\"elementor-item menu-link\" tabindex=\"-1\">Gesti\u00f3n de subcontratistas<\/a><\/li>\n<li class=\"menu-item menu-item-type-post_type menu-item-object-page menu-item-77735\"><a href=\"https:\/\/www.dimomaint.com\/latam\/cmms-fm\/gestion-ordenes-de-trabajo\/\" class=\"elementor-item menu-link\" tabindex=\"-1\">Gesti\u00f3n de \u00f3rdenes de trabajo<\/a><\/li>\n<li class=\"menu-item menu-item-type-post_type menu-item-object-page menu-item-77736\"><a href=\"https:\/\/www.dimomaint.com\/latam\/cmms-fm\/formularios-personalizados\/\" class=\"elementor-item menu-link\" tabindex=\"-1\">Formularios Personalizados<\/a><\/li>\n<li class=\"menu-item menu-item-type-post_type menu-item-object-page menu-item-77737\"><a href=\"https:\/\/www.dimomaint.com\/latam\/cmms-fm\/kpis-analisis\/\" class=\"elementor-item menu-link\" tabindex=\"-1\">Indicadores clave de rendimiento (KPIs)<\/a><\/li>\n<\/ul>\t\t\t<\/nav>\n\t\t\n\n\t\t\t\t<\/div>\n\t\t\t\t<\/div>\n\t\t\t\t\t<\/div>\n\t\t<\/div>\n\t\t\t\t\t<\/div>\n\t\t<\/section>\n\t\t\t\t\t<\/div>\n\t\t<\/div>\n\t\t\t\t\t<\/div>\n\t\t<\/section>\n\t\t\t\t<\/div>\n\t\t\n\n","protected":false},"excerpt":{"rendered":"<p>Preparar formularios facilita el flujo de informaci\u00f3n y mejora la comunicaci\u00f3n entre todos los involucrados. Util\u00edzalos sin l\u00edmites. Reserva una demo Crea y configura formularios personalizados Personaliza formularios para equipos, sitios, intervenciones o solicitudes. Dise\u00f1a tus propios formularios electr\u00f3nicos para: Inspecciones. Listas de verificaci\u00f3n. Permisos de trabajo. Evaluaciones de riesgos. Lectura de medidores. Salud y [&hellip;]<\/p>\n","protected":false},"author":2,"featured_media":78054,"parent":71175,"menu_order":0,"comment_status":"closed","ping_status":"closed","template":"","meta":{"_acf_changed":false,"_seopress_robots_primary_cat":"","_seopress_titles_title":"Optimiza tus operaciones con formularios personalizables en DimoMaint FM","_seopress_titles_desc":"Mejora la gesti\u00f3n de tu mantenimiento con formularios adaptables en DimoMaint FM. Crea y administra formularios seg\u00fan tus necesidades. Acceso desde la app m\u00f3vil.","_seopress_robots_index":"","inline_featured_image":false,"site-sidebar-layout":"no-sidebar","site-content-layout":"page-builder","ast-site-content-layout":"full-width-container","site-content-style":"default","site-sidebar-style":"default","ast-global-header-display":"","ast-banner-title-visibility":"","ast-main-header-display":"","ast-hfb-above-header-display":"","ast-hfb-below-header-display":"","ast-hfb-mobile-header-display":"","site-post-title":"disabled","ast-breadcrumbs-content":"","ast-featured-img":"disabled","footer-sml-layout":"","ast-disable-related-posts":"","theme-transparent-header-meta":"default","adv-header-id-meta":"","stick-header-meta":"","header-above-stick-meta":"","header-main-stick-meta":"","header-below-stick-meta":"","astra-migrate-meta-layouts":"set","ast-page-background-enabled":"default","ast-page-background-meta":{"desktop":{"background-color":"var(--ast-global-color-4)","background-image":"","background-repeat":"repeat","background-position":"center center","background-size":"auto","background-attachment":"scroll","background-type":"","background-media":"","overlay-type":"","overlay-color":"","overlay-opacity":"","overlay-gradient":""},"tablet":{"background-color":"","background-image":"","background-repeat":"repeat","background-position":"center center","background-size":"auto","background-attachment":"scroll","background-type":"","background-media":"","overlay-type":"","overlay-color":"","overlay-opacity":"","overlay-gradient":""},"mobile":{"background-color":"","background-image":"","background-repeat":"repeat","background-position":"center center","background-size":"auto","background-attachment":"scroll","background-type":"","background-media":"","overlay-type":"","overlay-color":"","overlay-opacity":"","overlay-gradient":""}},"ast-content-background-meta":{"desktop":{"background-color":"var(--ast-global-color-5)","background-image":"","background-repeat":"repeat","background-position":"center center","background-size":"auto","background-attachment":"scroll","background-type":"","background-media":"","overlay-type":"","overlay-color":"","overlay-opacity":"","overlay-gradient":""},"tablet":{"background-color":"var(--ast-global-color-5)","background-image":"","background-repeat":"repeat","background-position":"center center","background-size":"auto","background-attachment":"scroll","background-type":"","background-media":"","overlay-type":"","overlay-color":"","overlay-opacity":"","overlay-gradient":""},"mobile":{"background-color":"var(--ast-global-color-5)","background-image":"","background-repeat":"repeat","background-position":"center center","background-size":"auto","background-attachment":"scroll","background-type":"","background-media":"","overlay-type":"","overlay-color":"","overlay-opacity":"","overlay-gradient":""}},"footnotes":""},"class_list":["post-77718","page","type-page","status-publish","has-post-thumbnail"],"acf":{"url_francaise":"","url_anglaise":"https:\/\/www.dimomaint.com\/cafm-features\/customized-forms\/","url_espagnole":"https:\/\/www.dimomaint.com\/es\/cmms-fm\/formularios-personalizados\/","url_allemande":""},"_links":{"self":[{"href":"https:\/\/www.dimomaint.com\/latam\/wp-json\/wp\/v2\/pages\/77718","targetHints":{"allow":["GET"]}}],"collection":[{"href":"https:\/\/www.dimomaint.com\/latam\/wp-json\/wp\/v2\/pages"}],"about":[{"href":"https:\/\/www.dimomaint.com\/latam\/wp-json\/wp\/v2\/types\/page"}],"author":[{"embeddable":true,"href":"https:\/\/www.dimomaint.com\/latam\/wp-json\/wp\/v2\/users\/2"}],"replies":[{"embeddable":true,"href":"https:\/\/www.dimomaint.com\/latam\/wp-json\/wp\/v2\/comments?post=77718"}],"version-history":[{"count":0,"href":"https:\/\/www.dimomaint.com\/latam\/wp-json\/wp\/v2\/pages\/77718\/revisions"}],"up":[{"embeddable":true,"href":"https:\/\/www.dimomaint.com\/latam\/wp-json\/wp\/v2\/pages\/71175"}],"wp:featuredmedia":[{"embeddable":true,"href":"https:\/\/www.dimomaint.com\/latam\/wp-json\/wp\/v2\/media\/78054"}],"wp:attachment":[{"href":"https:\/\/www.dimomaint.com\/latam\/wp-json\/wp\/v2\/media?parent=77718"}],"curies":[{"name":"wp","href":"https:\/\/api.w.org\/{rel}","templated":true}]}}